{"id":603,"date":"2025-07-28T20:40:27","date_gmt":"2025-07-28T18:40:27","guid":{"rendered":"http:\/\/strona.gcksirwegliniec.pl\/?page_id=603"},"modified":"2025-08-18T10:11:14","modified_gmt":"2025-08-18T08:11:14","slug":"projekty","status":"publish","type":"page","link":"https:\/\/gcksirwegliniec.pl\/?page_id=603","title":{"rendered":"Projekty"},"content":{"rendered":"<h1 class=\"fonts-plugin-block \" style=\"font-family: Oswald !important;font-weight: 400 !important;text-align: center !important;color: #016939 !important\">Projekty<\/h1>\n\n\n<hr class=\"wp-block-separator has-text-color has-alpha-channel-opacity has-background is-style-default\" style=\"background-color:#016939;color:#016939\"\/>\n\n\n<h3 class=\"fonts-plugin-block \" style=\"font-family: Oswald !important;font-weight: 400 !important;text-align: center !important;color: #016939 !important\">Modernizacja sali W\u0119glinieckiego Centrum Kultury<\/h3>\n\n\n<p class=\"wp-block-paragraph\">Gminne Centrum Kultury, Sportu i Rekreacji zrealizowa\u0142o projekt pn. \u201eModernizacja budynku W\u0119glinieckiego Centrum Kultury\u201d.<\/p>\n\n\n\n<p class=\"wp-block-paragraph\">Projekt ten dofinansowano ze \u015brodk\u00f3w finansowych Ministra Kultury i Dziedzictwa Narodowego pochodz\u0105cych z Funduszu Promocji Kultury w ramach programu Infrastruktura Dom\u00f3w Kultury.<\/p>\n\n\n\n<p class=\"wp-block-paragraph\">Kwota dofinansowania: 218 000 z\u0142<\/p>\n\n\n\n<p class=\"wp-block-paragraph\">Kwota inwestycji 904 901 z\u0142<\/p>\n\n\n\n<figure class=\"wp-block-gallery has-nested-images columns-default is-cropped wp-block-gallery-1 is-layout-flex wp-block-gallery-is-layout-flex\">\n<figure class=\"wp-block-image size-large\"><img loading=\"lazy\" decoding=\"async\" width=\"1024\" height=\"577\" data-id=\"604\" src=\"http:\/\/strona.gcksirwegliniec.pl\/wp-content\/uploads\/2025\/07\/474320988_1986689411839922_4459873323143117000_n-1024x577.jpg\" alt=\"Sala W\u0119glinieckiego Centrum Kultury - widok zewn\u0119trzny\" class=\"wp-image-604\" srcset=\"https:\/\/gcksirwegliniec.pl\/wp-content\/uploads\/2025\/07\/474320988_1986689411839922_4459873323143117000_n-1024x577.jpg 1024w, https:\/\/gcksirwegliniec.pl\/wp-content\/uploads\/2025\/07\/474320988_1986689411839922_4459873323143117000_n-600x338.jpg 600w, https:\/\/gcksirwegliniec.pl\/wp-content\/uploads\/2025\/07\/474320988_1986689411839922_4459873323143117000_n-300x169.jpg 300w, https:\/\/gcksirwegliniec.pl\/wp-content\/uploads\/2025\/07\/474320988_1986689411839922_4459873323143117000_n-768x433.jpg 768w, https:\/\/gcksirwegliniec.pl\/wp-content\/uploads\/2025\/07\/474320988_1986689411839922_4459873323143117000_n.jpg 1200w\" sizes=\"auto, (max-width: 1024px) 100vw, 1024px\" \/><\/figure>\n\n\n\n<figure class=\"wp-block-image size-large is-style-default\"><img loading=\"lazy\" decoding=\"async\" width=\"1024\" height=\"577\" data-id=\"605\" src=\"http:\/\/strona.gcksirwegliniec.pl\/wp-content\/uploads\/2025\/07\/474740054_1986689458506584_2210064481615128641_n-1024x577.jpg\" alt=\"Sala W\u0119glinieckiego Centrum Kultury - widok wewn\u0119trzny\" class=\"wp-image-605\" srcset=\"https:\/\/gcksirwegliniec.pl\/wp-content\/uploads\/2025\/07\/474740054_1986689458506584_2210064481615128641_n-1024x577.jpg 1024w, https:\/\/gcksirwegliniec.pl\/wp-content\/uploads\/2025\/07\/474740054_1986689458506584_2210064481615128641_n-600x338.jpg 600w, https:\/\/gcksirwegliniec.pl\/wp-content\/uploads\/2025\/07\/474740054_1986689458506584_2210064481615128641_n-300x169.jpg 300w, https:\/\/gcksirwegliniec.pl\/wp-content\/uploads\/2025\/07\/474740054_1986689458506584_2210064481615128641_n-768x433.jpg 768w, https:\/\/gcksirwegliniec.pl\/wp-content\/uploads\/2025\/07\/474740054_1986689458506584_2210064481615128641_n.jpg 1200w\" sizes=\"auto, (max-width: 1024px) 100vw, 1024px\" \/><\/figure>\n<\/figure>\n\n\n<div class=\"wp-block-image\">\n<figure class=\"aligncenter size-large\"><img loading=\"lazy\" decoding=\"async\" width=\"1024\" height=\"683\" src=\"http:\/\/strona.gcksirwegliniec.pl\/wp-content\/uploads\/2025\/07\/Gminne-Centrum-Kultury-Sportu-i-Rekreacji-w-Weglincu-realizuje-projekt-pn.-42-x-28-cm-1-1024x683.jpg\" alt=\"\" class=\"wp-image-606\" srcset=\"https:\/\/gcksirwegliniec.pl\/wp-content\/uploads\/2025\/07\/Gminne-Centrum-Kultury-Sportu-i-Rekreacji-w-Weglincu-realizuje-projekt-pn.-42-x-28-cm-1-1024x683.jpg 1024w, https:\/\/gcksirwegliniec.pl\/wp-content\/uploads\/2025\/07\/Gminne-Centrum-Kultury-Sportu-i-Rekreacji-w-Weglincu-realizuje-projekt-pn.-42-x-28-cm-1-600x400.jpg 600w, https:\/\/gcksirwegliniec.pl\/wp-content\/uploads\/2025\/07\/Gminne-Centrum-Kultury-Sportu-i-Rekreacji-w-Weglincu-realizuje-projekt-pn.-42-x-28-cm-1-300x200.jpg 300w, https:\/\/gcksirwegliniec.pl\/wp-content\/uploads\/2025\/07\/Gminne-Centrum-Kultury-Sportu-i-Rekreacji-w-Weglincu-realizuje-projekt-pn.-42-x-28-cm-1-768x512.jpg 768w, https:\/\/gcksirwegliniec.pl\/wp-content\/uploads\/2025\/07\/Gminne-Centrum-Kultury-Sportu-i-Rekreacji-w-Weglincu-realizuje-projekt-pn.-42-x-28-cm-1.jpg 1200w\" sizes=\"auto, (max-width: 1024px) 100vw, 1024px\" \/><\/figure>\n<\/div>\n\n\n<div style=\"height:10px\" aria-hidden=\"true\" class=\"wp-block-spacer\"><\/div>\n\n\n\n<div class=\"wp-block-essential-blocks-shape-divider  root-eb-shape-divider-vtekp\"><div class=\"eb-parent-wrapper eb-parent-eb-shape-divider-vtekp \"><div class=\"eb-shape-divider-wrapper eb-shape-divider-vtekp\"><div class=\"eb-shape-divider eb-shape-divider-top\" data-shape=\"style_1\" data-negative=\"false\"><svg xmlns=\"http:\/\/www.w3.org\/2000\/svg\" fill=\"none\" viewBox=\"0 0 1000 100\" preserveAspectRatio=\"none\"><g clip-path=\"url(#eb-shape-divider-ocean-wave)\"><path class=\"eb-shape-divider-fill\" fill=\"#715AFF\" d=\"M0 97.79S101.82-.97 283.17 5.23c203.09 0 290.46 94.4 716.83 94.4V0H0v97.79Z\"><\/path><\/g><defs><clipPath id=\"eb-shape-divider-ocean-wave\"><path fill=\"#fff\" class=\"eb-shape-divider-fill\" d=\"M0 0h1000v99.62H0z\"><\/path><\/clipPath><\/defs><\/svg><\/div><\/div><\/div><\/div>\n\n\n\n<p class=\"wp-block-paragraph\"><\/p>\n","protected":false},"excerpt":{"rendered":"<p>Gminne Centrum Kultury, Sportu i Rekreacji zrealizowa\u0142o projekt pn. \u201eModernizacja budynku W\u0119glinieckiego Centrum Kultury\u201d. Projekt&#46;&#46;&#46;<\/p>\n","protected":false},"author":1,"featured_media":0,"parent":0,"menu_order":0,"comment_status":"closed","ping_status":"closed","template":"","meta":{"_eb_attr":"","_crdt_document":"","_uag_custom_page_level_css":"","footnotes":""},"class_list":["post-603","page","type-page","status-publish","hentry"],"yoast_head":"<!-- This site is optimized with the Yoast SEO plugin v26.9 - https:\/\/yoast.com\/product\/yoast-seo-wordpress\/ -->\n<title>Projekty - GCKSiR W\u0119gliniec<\/title>\n<meta name=\"robots\" content=\"index, follow, max-snippet:-1, max-image-preview:large, max-video-preview:-1\" \/>\n<link rel=\"canonical\" href=\"https:\/\/gcksirwegliniec.pl\/?page_id=603\" \/>\n<meta property=\"og:locale\" content=\"pl_PL\" \/>\n<meta property=\"og:type\" content=\"article\" \/>\n<meta property=\"og:title\" content=\"Projekty - GCKSiR W\u0119gliniec\" \/>\n<meta property=\"og:description\" content=\"Gminne Centrum Kultury, Sportu i Rekreacji zrealizowa\u0142o projekt pn. \u201eModernizacja budynku W\u0119glinieckiego Centrum Kultury\u201d. Projekt&#046;&#046;&#046;\" \/>\n<meta property=\"og:url\" content=\"https:\/\/gcksirwegliniec.pl\/?page_id=603\" \/>\n<meta property=\"og:site_name\" content=\"GCKSiR W\u0119gliniec\" \/>\n<meta property=\"article:modified_time\" content=\"2025-08-18T08:11:14+00:00\" \/>\n<meta property=\"og:image\" content=\"http:\/\/strona.gcksirwegliniec.pl\/wp-content\/uploads\/2025\/07\/474320988_1986689411839922_4459873323143117000_n-1024x577.jpg\" \/>\n<meta name=\"twitter:card\" content=\"summary_large_image\" \/>\n<meta name=\"twitter:label1\" content=\"Szacowany czas czytania\" \/>\n\t<meta name=\"twitter:data1\" content=\"1 minuta\" \/>\n<script type=\"application\/ld+json\" class=\"yoast-schema-graph\">{\"@context\":\"https:\/\/schema.org\",\"@graph\":[{\"@type\":\"WebPage\",\"@id\":\"https:\/\/gcksirwegliniec.pl\/?page_id=603\",\"url\":\"https:\/\/gcksirwegliniec.pl\/?page_id=603\",\"name\":\"Projekty - GCKSiR W\u0119gliniec\",\"isPartOf\":{\"@id\":\"https:\/\/gcksirwegliniec.pl\/#website\"},\"primaryImageOfPage\":{\"@id\":\"https:\/\/gcksirwegliniec.pl\/?page_id=603#primaryimage\"},\"image\":{\"@id\":\"https:\/\/gcksirwegliniec.pl\/?page_id=603#primaryimage\"},\"thumbnailUrl\":\"http:\/\/strona.gcksirwegliniec.pl\/wp-content\/uploads\/2025\/07\/474320988_1986689411839922_4459873323143117000_n-1024x577.jpg\",\"datePublished\":\"2025-07-28T18:40:27+00:00\",\"dateModified\":\"2025-08-18T08:11:14+00:00\",\"breadcrumb\":{\"@id\":\"https:\/\/gcksirwegliniec.pl\/?page_id=603#breadcrumb\"},\"inLanguage\":\"pl-PL\",\"potentialAction\":[{\"@type\":\"ReadAction\",\"target\":[\"https:\/\/gcksirwegliniec.pl\/?page_id=603\"]}]},{\"@type\":\"ImageObject\",\"inLanguage\":\"pl-PL\",\"@id\":\"https:\/\/gcksirwegliniec.pl\/?page_id=603#primaryimage\",\"url\":\"http:\/\/strona.gcksirwegliniec.pl\/wp-content\/uploads\/2025\/07\/474320988_1986689411839922_4459873323143117000_n-1024x577.jpg\",\"contentUrl\":\"http:\/\/strona.gcksirwegliniec.pl\/wp-content\/uploads\/2025\/07\/474320988_1986689411839922_4459873323143117000_n-1024x577.jpg\"},{\"@type\":\"BreadcrumbList\",\"@id\":\"https:\/\/gcksirwegliniec.pl\/?page_id=603#breadcrumb\",\"itemListElement\":[{\"@type\":\"ListItem\",\"position\":1,\"name\":\"Home\",\"item\":\"https:\/\/gcksirwegliniec.pl\/\"},{\"@type\":\"ListItem\",\"position\":2,\"name\":\"Projekty\"}]},{\"@type\":\"WebSite\",\"@id\":\"https:\/\/gcksirwegliniec.pl\/#website\",\"url\":\"https:\/\/gcksirwegliniec.pl\/\",\"name\":\"GCKSiR W\u0119gliniec\",\"description\":\"\",\"publisher\":{\"@id\":\"https:\/\/gcksirwegliniec.pl\/#organization\"},\"potentialAction\":[{\"@type\":\"SearchAction\",\"target\":{\"@type\":\"EntryPoint\",\"urlTemplate\":\"https:\/\/gcksirwegliniec.pl\/?s={search_term_string}\"},\"query-input\":{\"@type\":\"PropertyValueSpecification\",\"valueRequired\":true,\"valueName\":\"search_term_string\"}}],\"inLanguage\":\"pl-PL\"},{\"@type\":\"Organization\",\"@id\":\"https:\/\/gcksirwegliniec.pl\/#organization\",\"name\":\"GCKSiR W\u0119gliniec\",\"url\":\"https:\/\/gcksirwegliniec.pl\/\",\"logo\":{\"@type\":\"ImageObject\",\"inLanguage\":\"pl-PL\",\"@id\":\"https:\/\/gcksirwegliniec.pl\/#\/schema\/logo\/image\/\",\"url\":\"https:\/\/gcksirwegliniec.pl\/wp-content\/uploads\/2025\/08\/cropped-A790B771-B708-480A-B996-7A8B9BB2ABCE.jpeg\",\"contentUrl\":\"https:\/\/gcksirwegliniec.pl\/wp-content\/uploads\/2025\/08\/cropped-A790B771-B708-480A-B996-7A8B9BB2ABCE.jpeg\",\"width\":689,\"height\":435,\"caption\":\"GCKSiR W\u0119gliniec\"},\"image\":{\"@id\":\"https:\/\/gcksirwegliniec.pl\/#\/schema\/logo\/image\/\"}}]}<\/script>\n<!-- \/ Yoast SEO plugin. -->","yoast_head_json":{"title":"Projekty - GCKSiR W\u0119gliniec","robots":{"index":"index","follow":"follow","max-snippet":"max-snippet:-1","max-image-preview":"max-image-preview:large","max-video-preview":"max-video-preview:-1"},"canonical":"https:\/\/gcksirwegliniec.pl\/?page_id=603","og_locale":"pl_PL","og_type":"article","og_title":"Projekty - GCKSiR W\u0119gliniec","og_description":"Gminne Centrum Kultury, Sportu i Rekreacji zrealizowa\u0142o projekt pn. \u201eModernizacja budynku W\u0119glinieckiego Centrum Kultury\u201d. Projekt&#46;&#46;&#46;","og_url":"https:\/\/gcksirwegliniec.pl\/?page_id=603","og_site_name":"GCKSiR W\u0119gliniec","article_modified_time":"2025-08-18T08:11:14+00:00","og_image":[{"url":"http:\/\/strona.gcksirwegliniec.pl\/wp-content\/uploads\/2025\/07\/474320988_1986689411839922_4459873323143117000_n-1024x577.jpg","type":"","width":"","height":""}],"twitter_card":"summary_large_image","twitter_misc":{"Szacowany czas czytania":"1 minuta"},"schema":{"@context":"https:\/\/schema.org","@graph":[{"@type":"WebPage","@id":"https:\/\/gcksirwegliniec.pl\/?page_id=603","url":"https:\/\/gcksirwegliniec.pl\/?page_id=603","name":"Projekty - GCKSiR W\u0119gliniec","isPartOf":{"@id":"https:\/\/gcksirwegliniec.pl\/#website"},"primaryImageOfPage":{"@id":"https:\/\/gcksirwegliniec.pl\/?page_id=603#primaryimage"},"image":{"@id":"https:\/\/gcksirwegliniec.pl\/?page_id=603#primaryimage"},"thumbnailUrl":"http:\/\/strona.gcksirwegliniec.pl\/wp-content\/uploads\/2025\/07\/474320988_1986689411839922_4459873323143117000_n-1024x577.jpg","datePublished":"2025-07-28T18:40:27+00:00","dateModified":"2025-08-18T08:11:14+00:00","breadcrumb":{"@id":"https:\/\/gcksirwegliniec.pl\/?page_id=603#breadcrumb"},"inLanguage":"pl-PL","potentialAction":[{"@type":"ReadAction","target":["https:\/\/gcksirwegliniec.pl\/?page_id=603"]}]},{"@type":"ImageObject","inLanguage":"pl-PL","@id":"https:\/\/gcksirwegliniec.pl\/?page_id=603#primaryimage","url":"http:\/\/strona.gcksirwegliniec.pl\/wp-content\/uploads\/2025\/07\/474320988_1986689411839922_4459873323143117000_n-1024x577.jpg","contentUrl":"http:\/\/strona.gcksirwegliniec.pl\/wp-content\/uploads\/2025\/07\/474320988_1986689411839922_4459873323143117000_n-1024x577.jpg"},{"@type":"BreadcrumbList","@id":"https:\/\/gcksirwegliniec.pl\/?page_id=603#breadcrumb","itemListElement":[{"@type":"ListItem","position":1,"name":"Home","item":"https:\/\/gcksirwegliniec.pl\/"},{"@type":"ListItem","position":2,"name":"Projekty"}]},{"@type":"WebSite","@id":"https:\/\/gcksirwegliniec.pl\/#website","url":"https:\/\/gcksirwegliniec.pl\/","name":"GCKSiR W\u0119gliniec","description":"","publisher":{"@id":"https:\/\/gcksirwegliniec.pl\/#organization"},"potentialAction":[{"@type":"SearchAction","target":{"@type":"EntryPoint","urlTemplate":"https:\/\/gcksirwegliniec.pl\/?s={search_term_string}"},"query-input":{"@type":"PropertyValueSpecification","valueRequired":true,"valueName":"search_term_string"}}],"inLanguage":"pl-PL"},{"@type":"Organization","@id":"https:\/\/gcksirwegliniec.pl\/#organization","name":"GCKSiR W\u0119gliniec","url":"https:\/\/gcksirwegliniec.pl\/","logo":{"@type":"ImageObject","inLanguage":"pl-PL","@id":"https:\/\/gcksirwegliniec.pl\/#\/schema\/logo\/image\/","url":"https:\/\/gcksirwegliniec.pl\/wp-content\/uploads\/2025\/08\/cropped-A790B771-B708-480A-B996-7A8B9BB2ABCE.jpeg","contentUrl":"https:\/\/gcksirwegliniec.pl\/wp-content\/uploads\/2025\/08\/cropped-A790B771-B708-480A-B996-7A8B9BB2ABCE.jpeg","width":689,"height":435,"caption":"GCKSiR W\u0119gliniec"},"image":{"@id":"https:\/\/gcksirwegliniec.pl\/#\/schema\/logo\/image\/"}}]}},"uagb_featured_image_src":{"full":false,"thumbnail":false,"medium":false,"medium_large":false,"large":false,"1536x1536":false,"2048x2048":false,"thumb-small":false,"thumb-standard":false,"thumb-medium":false,"thumb-large":false,"thumb-xlarge":false,"thumb-xxlarge":false,"thumb-large-no-crop":false,"thumb-medium-no-crop":false,"thumb-standard-no-crop":false,"mailpoet_newsletter_max":false,"woocommerce_thumbnail":false,"woocommerce_single":false,"woocommerce_gallery_thumbnail":false},"uagb_author_info":{"display_name":"admin","author_link":"https:\/\/gcksirwegliniec.pl\/?author=1"},"uagb_comment_info":0,"uagb_excerpt":"Gminne Centrum Kultury, Sportu i Rekreacji zrealizowa\u0142o projekt pn. \u201eModernizacja budynku W\u0119glinieckiego Centrum Kultury\u201d. Projekt&#46;&#46;&#46;","jetpack_sharing_enabled":true,"_links":{"self":[{"href":"https:\/\/gcksirwegliniec.pl\/index.php?rest_route=\/wp\/v2\/pages\/603","targetHints":{"allow":["GET"]}}],"collection":[{"href":"https:\/\/gcksirwegliniec.pl\/index.php?rest_route=\/wp\/v2\/pages"}],"about":[{"href":"https:\/\/gcksirwegliniec.pl\/index.php?rest_route=\/wp\/v2\/types\/page"}],"author":[{"embeddable":true,"href":"https:\/\/gcksirwegliniec.pl\/index.php?rest_route=\/wp\/v2\/users\/1"}],"replies":[{"embeddable":true,"href":"https:\/\/gcksirwegliniec.pl\/index.php?rest_route=%2Fwp%2Fv2%2Fcomments&post=603"}],"version-history":[{"count":10,"href":"https:\/\/gcksirwegliniec.pl\/index.php?rest_route=\/wp\/v2\/pages\/603\/revisions"}],"predecessor-version":[{"id":2599,"href":"https:\/\/gcksirwegliniec.pl\/index.php?rest_route=\/wp\/v2\/pages\/603\/revisions\/2599"}],"wp:attachment":[{"href":"https:\/\/gcksirwegliniec.pl\/index.php?rest_route=%2Fwp%2Fv2%2Fmedia&parent=603"}],"curies":[{"name":"wp","href":"https:\/\/api.w.org\/{rel}","templated":true}]}}