{"id":163,"date":"2025-07-29T22:59:48","date_gmt":"2025-07-29T20:59:48","guid":{"rendered":"http:\/\/strona.gcksirwegliniec.pl\/?page_id=163"},"modified":"2026-02-08T10:51:00","modified_gmt":"2026-02-08T09:51:00","slug":"kino-za-rogiem-kolejarz","status":"publish","type":"page","link":"https:\/\/gcksirwegliniec.pl\/?page_id=163","title":{"rendered":"Kino Za Rogiem &#8222;Kolejarz&#8221;"},"content":{"rendered":"<h1 class=\"fonts-plugin-block \" style=\"font-family: Oswald !important;font-weight: 400 !important;text-align: center !important;color: #cb1c1c !important\">Kino za Rogiem &#8222;Kolejarz&#8221;<\/h1>\n\n\n<div style=\"height:16px\" aria-hidden=\"true\" class=\"wp-block-spacer\"><\/div>\n\n\n<h4 class=\"fonts-plugin-block \" style=\"font-family: Oswald !important;font-weight: 300 !important;text-align: center !important;color: #016939 !important\">W zabytkowych murach dworca kolejowego w W\u0119gli\u0144cu na peronie 3 mie\u015bci si\u0119 nasze kameralne kino z 30 miejscami dla widz\u00f3w. Korzystamy z sieci Kino za Rogiem, aby udost\u0119pnia\u0107 atrakcyjne pozycje i tworzy\u0107 ciekawy repertuar. <\/h4>\n\n\n<div style=\"height:11px\" aria-hidden=\"true\" class=\"wp-block-spacer\"><\/div>\n\n\n\n<figure class=\"wp-block-image size-large\"><img loading=\"lazy\" decoding=\"async\" width=\"1024\" height=\"577\" src=\"http:\/\/strona.gcksirwegliniec.pl\/wp-content\/uploads\/2025\/08\/530226120_2515956055409388_5578955652162840829_n-1024x577.jpg\" alt=\"Budynek dworca w W\u0119gli\u0144cu\" class=\"wp-image-1092\" srcset=\"https:\/\/gcksirwegliniec.pl\/wp-content\/uploads\/2025\/08\/530226120_2515956055409388_5578955652162840829_n-1024x577.jpg 1024w, https:\/\/gcksirwegliniec.pl\/wp-content\/uploads\/2025\/08\/530226120_2515956055409388_5578955652162840829_n-600x338.jpg 600w, https:\/\/gcksirwegliniec.pl\/wp-content\/uploads\/2025\/08\/530226120_2515956055409388_5578955652162840829_n-300x169.jpg 300w, https:\/\/gcksirwegliniec.pl\/wp-content\/uploads\/2025\/08\/530226120_2515956055409388_5578955652162840829_n-768x432.jpg 768w, https:\/\/gcksirwegliniec.pl\/wp-content\/uploads\/2025\/08\/530226120_2515956055409388_5578955652162840829_n-1536x865.jpg 1536w, https:\/\/gcksirwegliniec.pl\/wp-content\/uploads\/2025\/08\/530226120_2515956055409388_5578955652162840829_n.jpg 2048w\" sizes=\"auto, (max-width: 1024px) 100vw, 1024px\" \/><\/figure>\n\n\n\n<div style=\"height:24px\" aria-hidden=\"true\" class=\"wp-block-spacer\"><\/div>\n\n\n\n<figure class=\"wp-block-image size-large\"><img loading=\"lazy\" decoding=\"async\" width=\"1024\" height=\"461\" src=\"http:\/\/strona.gcksirwegliniec.pl\/wp-content\/uploads\/2025\/08\/471166359_518507661216235_2384948789412158641_n-1024x461.jpg\" alt=\"Widok na peron i fragment budynku dworca w W\u0119gli\u0144cu\" class=\"wp-image-1254\" srcset=\"https:\/\/gcksirwegliniec.pl\/wp-content\/uploads\/2025\/08\/471166359_518507661216235_2384948789412158641_n-1024x461.jpg 1024w, https:\/\/gcksirwegliniec.pl\/wp-content\/uploads\/2025\/08\/471166359_518507661216235_2384948789412158641_n-600x270.jpg 600w, https:\/\/gcksirwegliniec.pl\/wp-content\/uploads\/2025\/08\/471166359_518507661216235_2384948789412158641_n-300x135.jpg 300w, https:\/\/gcksirwegliniec.pl\/wp-content\/uploads\/2025\/08\/471166359_518507661216235_2384948789412158641_n-768x346.jpg 768w, https:\/\/gcksirwegliniec.pl\/wp-content\/uploads\/2025\/08\/471166359_518507661216235_2384948789412158641_n-1536x691.jpg 1536w, https:\/\/gcksirwegliniec.pl\/wp-content\/uploads\/2025\/08\/471166359_518507661216235_2384948789412158641_n.jpg 2000w\" sizes=\"auto, (max-width: 1024px) 100vw, 1024px\" \/><\/figure>\n\n\n\n<div style=\"height:24px\" aria-hidden=\"true\" class=\"wp-block-spacer\"><\/div>\n\n\n\n<figure class=\"wp-block-gallery has-nested-images columns-default is-cropped wp-block-gallery-1 is-layout-flex wp-block-gallery-is-layout-flex\">\n<figure class=\"wp-block-image size-large\"><img loading=\"lazy\" decoding=\"async\" width=\"576\" height=\"1024\" data-id=\"1107\" src=\"http:\/\/strona.gcksirwegliniec.pl\/wp-content\/uploads\/2025\/08\/2EE0DB8C-B980-43E3-B321-5B5C0A48A1F4-576x1024.jpeg\" alt=\"Wej\u015bcie do Kina za Rogiem &quot;Kolejarz&quot;\" class=\"wp-image-1107\" srcset=\"https:\/\/gcksirwegliniec.pl\/wp-content\/uploads\/2025\/08\/2EE0DB8C-B980-43E3-B321-5B5C0A48A1F4-576x1024.jpeg 576w, https:\/\/gcksirwegliniec.pl\/wp-content\/uploads\/2025\/08\/2EE0DB8C-B980-43E3-B321-5B5C0A48A1F4-scaled-600x1067.jpeg 600w, https:\/\/gcksirwegliniec.pl\/wp-content\/uploads\/2025\/08\/2EE0DB8C-B980-43E3-B321-5B5C0A48A1F4-169x300.jpeg 169w, https:\/\/gcksirwegliniec.pl\/wp-content\/uploads\/2025\/08\/2EE0DB8C-B980-43E3-B321-5B5C0A48A1F4-768x1365.jpeg 768w, https:\/\/gcksirwegliniec.pl\/wp-content\/uploads\/2025\/08\/2EE0DB8C-B980-43E3-B321-5B5C0A48A1F4-864x1536.jpeg 864w, https:\/\/gcksirwegliniec.pl\/wp-content\/uploads\/2025\/08\/2EE0DB8C-B980-43E3-B321-5B5C0A48A1F4-1152x2048.jpeg 1152w, https:\/\/gcksirwegliniec.pl\/wp-content\/uploads\/2025\/08\/2EE0DB8C-B980-43E3-B321-5B5C0A48A1F4-scaled.jpeg 1440w\" sizes=\"auto, (max-width: 576px) 100vw, 576px\" \/><\/figure>\n\n\n\n<figure class=\"wp-block-image size-large\"><img loading=\"lazy\" decoding=\"async\" width=\"1024\" height=\"571\" data-id=\"1255\" src=\"http:\/\/strona.gcksirwegliniec.pl\/wp-content\/uploads\/2025\/08\/471268397_518507477882920_5392100556770202917_n-1024x571.jpg\" alt=\"Sala kinowa\" class=\"wp-image-1255\" srcset=\"https:\/\/gcksirwegliniec.pl\/wp-content\/uploads\/2025\/08\/471268397_518507477882920_5392100556770202917_n-1024x571.jpg 1024w, https:\/\/gcksirwegliniec.pl\/wp-content\/uploads\/2025\/08\/471268397_518507477882920_5392100556770202917_n-600x334.jpg 600w, https:\/\/gcksirwegliniec.pl\/wp-content\/uploads\/2025\/08\/471268397_518507477882920_5392100556770202917_n-300x167.jpg 300w, https:\/\/gcksirwegliniec.pl\/wp-content\/uploads\/2025\/08\/471268397_518507477882920_5392100556770202917_n-768x428.jpg 768w, https:\/\/gcksirwegliniec.pl\/wp-content\/uploads\/2025\/08\/471268397_518507477882920_5392100556770202917_n.jpg 1516w\" sizes=\"auto, (max-width: 1024px) 100vw, 1024px\" \/><\/figure>\n<\/figure>\n\n\n\n<div style=\"height:28px\" aria-hidden=\"true\" class=\"wp-block-spacer\"><\/div>\n\n\n<h4 class=\"fonts-plugin-block \" style=\"font-family: Oswald !important;font-weight: 300 !important;text-align: center !important;color: #cb1c1c !important\">Na ka\u017cdy miesi\u0105c ustalamy nowy repertuar. Zagl\u0105daj zatem na nasz\u0105 stron\u0119 i sprawdzaj co aktualnie gramy.<\/h4>\n\n<h4 class=\"fonts-plugin-block \" style=\"font-family: Oswald !important;font-weight: 300 !important;text-align: center !important;color: #016939 !important\">Poza standardowym repertuarem organizujemy tak\u017ce WYDARZENIA SPECJALNE. Wyj\u0105tkowa projekcja filmu po\u0142\u0105czona ze spotkaniem z re\u017cyserem lub aktorem? Tak, to mo\u017cliwe!<\/h4>\n\n\n<div style=\"height:13px\" aria-hidden=\"true\" class=\"wp-block-spacer\"><\/div>\n\n\n\n<div class=\"wp-block-uagb-container uagb-block-3ad23bd9 alignfull uagb-is-root-container\"><div class=\"uagb-container-inner-blocks-wrap\">\n<div class=\"wp-block-uagb-container uagb-block-e135218b\">\n<figure class=\"wp-block-image size-large\"><img loading=\"lazy\" decoding=\"async\" width=\"1024\" height=\"1024\" src=\"http:\/\/strona.gcksirwegliniec.pl\/wp-content\/uploads\/2025\/08\/61468559-317E-4D7C-9B13-0D48E373C6A8-1-1024x1024.jpeg\" alt=\"Grafika ze zdj\u0119ciem ta\u015bmy filmowej i popcornu oraz napisem &quot;Repertuar&quot;\" class=\"wp-image-1777\" srcset=\"https:\/\/gcksirwegliniec.pl\/wp-content\/uploads\/2025\/08\/61468559-317E-4D7C-9B13-0D48E373C6A8-1-1024x1024.jpeg 1024w, https:\/\/gcksirwegliniec.pl\/wp-content\/uploads\/2025\/08\/61468559-317E-4D7C-9B13-0D48E373C6A8-1-300x300.jpeg 300w, https:\/\/gcksirwegliniec.pl\/wp-content\/uploads\/2025\/08\/61468559-317E-4D7C-9B13-0D48E373C6A8-1-100x100.jpeg 100w, https:\/\/gcksirwegliniec.pl\/wp-content\/uploads\/2025\/08\/61468559-317E-4D7C-9B13-0D48E373C6A8-1-600x600.jpeg 600w, https:\/\/gcksirwegliniec.pl\/wp-content\/uploads\/2025\/08\/61468559-317E-4D7C-9B13-0D48E373C6A8-1-150x150.jpeg 150w, https:\/\/gcksirwegliniec.pl\/wp-content\/uploads\/2025\/08\/61468559-317E-4D7C-9B13-0D48E373C6A8-1-768x768.jpeg 768w, https:\/\/gcksirwegliniec.pl\/wp-content\/uploads\/2025\/08\/61468559-317E-4D7C-9B13-0D48E373C6A8-1-80x80.jpeg 80w, https:\/\/gcksirwegliniec.pl\/wp-content\/uploads\/2025\/08\/61468559-317E-4D7C-9B13-0D48E373C6A8-1-320x320.jpeg 320w, https:\/\/gcksirwegliniec.pl\/wp-content\/uploads\/2025\/08\/61468559-317E-4D7C-9B13-0D48E373C6A8-1-720x720.jpeg 720w, https:\/\/gcksirwegliniec.pl\/wp-content\/uploads\/2025\/08\/61468559-317E-4D7C-9B13-0D48E373C6A8-1-520x520.jpeg 520w, https:\/\/gcksirwegliniec.pl\/wp-content\/uploads\/2025\/08\/61468559-317E-4D7C-9B13-0D48E373C6A8-1.jpeg 1080w\" sizes=\"auto, (max-width: 1024px) 100vw, 1024px\" \/><\/figure>\n\n\n\n<div class=\"wp-block-buttons is-content-justification-center is-layout-flex wp-container-core-buttons-is-layout-fe48e5de wp-block-buttons-is-layout-flex\">\n<div class=\"wp-block-button\"><a class=\"wp-block-button__link has-background wp-element-button\" href=\"https:\/\/gcksirwegliniec.pl\/?page_id=266\" style=\"background-color:#cb1c1c\">Szczeg\u00f3\u0142y Repertuaru<\/a><\/div>\n<\/div>\n<\/div>\n\n\n\n<div class=\"wp-block-uagb-container uagb-block-6f934eb2\">\n<figure class=\"wp-block-image size-large\"><img loading=\"lazy\" decoding=\"async\" width=\"1024\" height=\"1024\" src=\"http:\/\/strona.gcksirwegliniec.pl\/wp-content\/uploads\/2025\/08\/4C0711CC-7CD0-4C06-AD64-0F2DB284067C-1024x1024.jpeg\" alt=\"Grafika ze zdj\u0119ciem grupy u\u015bmiechni\u0119tych ludzi w sali kinowej i napisem &quot;Wydarzenia&quot;\" class=\"wp-image-1778\" srcset=\"https:\/\/gcksirwegliniec.pl\/wp-content\/uploads\/2025\/08\/4C0711CC-7CD0-4C06-AD64-0F2DB284067C-1024x1024.jpeg 1024w, https:\/\/gcksirwegliniec.pl\/wp-content\/uploads\/2025\/08\/4C0711CC-7CD0-4C06-AD64-0F2DB284067C-300x300.jpeg 300w, https:\/\/gcksirwegliniec.pl\/wp-content\/uploads\/2025\/08\/4C0711CC-7CD0-4C06-AD64-0F2DB284067C-100x100.jpeg 100w, https:\/\/gcksirwegliniec.pl\/wp-content\/uploads\/2025\/08\/4C0711CC-7CD0-4C06-AD64-0F2DB284067C-600x600.jpeg 600w, https:\/\/gcksirwegliniec.pl\/wp-content\/uploads\/2025\/08\/4C0711CC-7CD0-4C06-AD64-0F2DB284067C-150x150.jpeg 150w, https:\/\/gcksirwegliniec.pl\/wp-content\/uploads\/2025\/08\/4C0711CC-7CD0-4C06-AD64-0F2DB284067C-768x768.jpeg 768w, https:\/\/gcksirwegliniec.pl\/wp-content\/uploads\/2025\/08\/4C0711CC-7CD0-4C06-AD64-0F2DB284067C-80x80.jpeg 80w, https:\/\/gcksirwegliniec.pl\/wp-content\/uploads\/2025\/08\/4C0711CC-7CD0-4C06-AD64-0F2DB284067C-320x320.jpeg 320w, https:\/\/gcksirwegliniec.pl\/wp-content\/uploads\/2025\/08\/4C0711CC-7CD0-4C06-AD64-0F2DB284067C-720x720.jpeg 720w, https:\/\/gcksirwegliniec.pl\/wp-content\/uploads\/2025\/08\/4C0711CC-7CD0-4C06-AD64-0F2DB284067C-520x520.jpeg 520w, https:\/\/gcksirwegliniec.pl\/wp-content\/uploads\/2025\/08\/4C0711CC-7CD0-4C06-AD64-0F2DB284067C.jpeg 1080w\" sizes=\"auto, (max-width: 1024px) 100vw, 1024px\" \/><\/figure>\n\n\n\n<div class=\"wp-block-buttons is-content-justification-center is-layout-flex wp-container-core-buttons-is-layout-fe48e5de wp-block-buttons-is-layout-flex\">\n<div class=\"wp-block-button\"><a class=\"wp-block-button__link has-background wp-element-button\" href=\"https:\/\/gcksirwegliniec.pl\/?page_id=1227\" style=\"background-color:#cb1c1c\">Wi\u0119cej o Wydarzeniach<\/a><\/div>\n<\/div>\n<\/div>\n<\/div><\/div>\n\n\n\n<div style=\"height:26px\" aria-hidden=\"true\" class=\"wp-block-spacer\"><\/div>\n\n\n<h4 class=\"fonts-plugin-block \" style=\"font-family: Oswald !important;font-weight: 300 !important;text-align: center !important;color: #016939 !important\">Seanse na \u017cyczenie, wynajem sali kinowej na ma\u0142e uroczysto\u015bci? Jak najbardziej! Sprawd\u017a nasz\u0105 ofert\u0119.<\/h4>\n\n\n<div style=\"height:6px\" aria-hidden=\"true\" class=\"wp-block-spacer\"><\/div>\n\n\n<div class=\"wp-block-image\">\n<figure class=\"aligncenter size-large is-resized\"><img loading=\"lazy\" decoding=\"async\" width=\"1024\" height=\"1024\" src=\"http:\/\/strona.gcksirwegliniec.pl\/wp-content\/uploads\/2025\/08\/C6C70B44-AF7A-4278-83B2-ED4817D805ED-1024x1024.jpeg\" alt=\"Grafika ze zdj\u0119ciem sali kinowej i napisem &quot;Wynajem sali kinowej&quot;\" class=\"wp-image-1265\" style=\"width:478px;height:auto\" srcset=\"https:\/\/gcksirwegliniec.pl\/wp-content\/uploads\/2025\/08\/C6C70B44-AF7A-4278-83B2-ED4817D805ED-1024x1024.jpeg 1024w, https:\/\/gcksirwegliniec.pl\/wp-content\/uploads\/2025\/08\/C6C70B44-AF7A-4278-83B2-ED4817D805ED-300x300.jpeg 300w, https:\/\/gcksirwegliniec.pl\/wp-content\/uploads\/2025\/08\/C6C70B44-AF7A-4278-83B2-ED4817D805ED-100x100.jpeg 100w, https:\/\/gcksirwegliniec.pl\/wp-content\/uploads\/2025\/08\/C6C70B44-AF7A-4278-83B2-ED4817D805ED-600x600.jpeg 600w, https:\/\/gcksirwegliniec.pl\/wp-content\/uploads\/2025\/08\/C6C70B44-AF7A-4278-83B2-ED4817D805ED-150x150.jpeg 150w, https:\/\/gcksirwegliniec.pl\/wp-content\/uploads\/2025\/08\/C6C70B44-AF7A-4278-83B2-ED4817D805ED-768x768.jpeg 768w, https:\/\/gcksirwegliniec.pl\/wp-content\/uploads\/2025\/08\/C6C70B44-AF7A-4278-83B2-ED4817D805ED-80x80.jpeg 80w, https:\/\/gcksirwegliniec.pl\/wp-content\/uploads\/2025\/08\/C6C70B44-AF7A-4278-83B2-ED4817D805ED-320x320.jpeg 320w, https:\/\/gcksirwegliniec.pl\/wp-content\/uploads\/2025\/08\/C6C70B44-AF7A-4278-83B2-ED4817D805ED.jpeg 1080w\" sizes=\"auto, (max-width: 1024px) 100vw, 1024px\" \/><\/figure>\n<\/div>\n\n\n<div style=\"height:10px\" aria-hidden=\"true\" class=\"wp-block-spacer\"><\/div>\n\n\n\n<div class=\"wp-block-buttons alignwide is-content-justification-center is-layout-flex wp-container-core-buttons-is-layout-fe48e5de wp-block-buttons-is-layout-flex\">\n<div class=\"wp-block-button\"><a class=\"wp-block-button__link has-background wp-element-button\" href=\"https:\/\/gcksirwegliniec.pl\/?page_id=1040\" style=\"background-color:#cb1c1c\">Dowiedz si\u0119 wi\u0119cej<\/a><\/div>\n<\/div>\n\n\n\n<div style=\"height:57px\" aria-hidden=\"true\" class=\"wp-block-spacer\"><\/div>\n\n\n\n<div class=\"wp-block-essential-blocks-shape-divider  root-eb-shape-divider-letfx\"><div class=\"eb-parent-wrapper eb-parent-eb-shape-divider-letfx \"><div class=\"eb-shape-divider-wrapper eb-shape-divider-letfx\"><div class=\"eb-shape-divider eb-shape-divider-top\" data-shape=\"style_1\" data-negative=\"false\"><svg xmlns=\"http:\/\/www.w3.org\/2000\/svg\" fill=\"none\" viewBox=\"0 0 1000 100\" preserveAspectRatio=\"none\"><g clip-path=\"url(#eb-shape-divider-ocean-wave)\"><path class=\"eb-shape-divider-fill\" fill=\"#715AFF\" d=\"M0 97.79S101.82-.97 283.17 5.23c203.09 0 290.46 94.4 716.83 94.4V0H0v97.79Z\"><\/path><\/g><defs><clipPath id=\"eb-shape-divider-ocean-wave\"><path fill=\"#fff\" class=\"eb-shape-divider-fill\" d=\"M0 0h1000v99.62H0z\"><\/path><\/clipPath><\/defs><\/svg><\/div><\/div><\/div><\/div>\n","protected":false},"excerpt":{"rendered":"","protected":false},"author":1,"featured_media":0,"parent":0,"menu_order":0,"comment_status":"closed","ping_status":"closed","template":"","meta":{"_eb_attr":"","_crdt_document":"","_uag_custom_page_level_css":"","footnotes":""},"class_list":["post-163","page","type-page","status-publish","hentry"],"yoast_head":"<!-- This site is optimized with the Yoast SEO plugin v26.9 - https:\/\/yoast.com\/product\/yoast-seo-wordpress\/ -->\n<title>Kino Za Rogiem &quot;Kolejarz&quot; - GCKSiR W\u0119gliniec<\/title>\n<meta name=\"robots\" content=\"index, follow, max-snippet:-1, max-image-preview:large, max-video-preview:-1\" \/>\n<link rel=\"canonical\" href=\"https:\/\/gcksirwegliniec.pl\/?page_id=163\" \/>\n<meta property=\"og:locale\" content=\"pl_PL\" \/>\n<meta property=\"og:type\" content=\"article\" \/>\n<meta property=\"og:title\" content=\"Kino Za Rogiem &quot;Kolejarz&quot; - GCKSiR W\u0119gliniec\" \/>\n<meta property=\"og:url\" content=\"https:\/\/gcksirwegliniec.pl\/?page_id=163\" \/>\n<meta property=\"og:site_name\" content=\"GCKSiR W\u0119gliniec\" \/>\n<meta property=\"article:modified_time\" content=\"2026-02-08T09:51:00+00:00\" \/>\n<meta property=\"og:image\" content=\"https:\/\/gcksirwegliniec.pl\/wp-content\/uploads\/2025\/08\/530226120_2515956055409388_5578955652162840829_n.jpg\" \/>\n\t<meta property=\"og:image:width\" content=\"2048\" \/>\n\t<meta property=\"og:image:height\" content=\"1153\" \/>\n\t<meta property=\"og:image:type\" content=\"image\/jpeg\" \/>\n<meta name=\"twitter:card\" content=\"summary_large_image\" \/>\n<meta name=\"twitter:label1\" content=\"Szacowany czas czytania\" \/>\n\t<meta name=\"twitter:data1\" content=\"2 minuty\" \/>\n<script type=\"application\/ld+json\" class=\"yoast-schema-graph\">{\"@context\":\"https:\/\/schema.org\",\"@graph\":[{\"@type\":\"WebPage\",\"@id\":\"https:\/\/gcksirwegliniec.pl\/?page_id=163\",\"url\":\"https:\/\/gcksirwegliniec.pl\/?page_id=163\",\"name\":\"Kino Za Rogiem \\\"Kolejarz\\\" - GCKSiR W\u0119gliniec\",\"isPartOf\":{\"@id\":\"https:\/\/gcksirwegliniec.pl\/#website\"},\"primaryImageOfPage\":{\"@id\":\"https:\/\/gcksirwegliniec.pl\/?page_id=163#primaryimage\"},\"image\":{\"@id\":\"https:\/\/gcksirwegliniec.pl\/?page_id=163#primaryimage\"},\"thumbnailUrl\":\"http:\/\/strona.gcksirwegliniec.pl\/wp-content\/uploads\/2025\/08\/530226120_2515956055409388_5578955652162840829_n-1024x577.jpg\",\"datePublished\":\"2025-07-29T20:59:48+00:00\",\"dateModified\":\"2026-02-08T09:51:00+00:00\",\"breadcrumb\":{\"@id\":\"https:\/\/gcksirwegliniec.pl\/?page_id=163#breadcrumb\"},\"inLanguage\":\"pl-PL\",\"potentialAction\":[{\"@type\":\"ReadAction\",\"target\":[\"https:\/\/gcksirwegliniec.pl\/?page_id=163\"]}]},{\"@type\":\"ImageObject\",\"inLanguage\":\"pl-PL\",\"@id\":\"https:\/\/gcksirwegliniec.pl\/?page_id=163#primaryimage\",\"url\":\"http:\/\/strona.gcksirwegliniec.pl\/wp-content\/uploads\/2025\/08\/530226120_2515956055409388_5578955652162840829_n-1024x577.jpg\",\"contentUrl\":\"http:\/\/strona.gcksirwegliniec.pl\/wp-content\/uploads\/2025\/08\/530226120_2515956055409388_5578955652162840829_n-1024x577.jpg\"},{\"@type\":\"BreadcrumbList\",\"@id\":\"https:\/\/gcksirwegliniec.pl\/?page_id=163#breadcrumb\",\"itemListElement\":[{\"@type\":\"ListItem\",\"position\":1,\"name\":\"Home\",\"item\":\"https:\/\/gcksirwegliniec.pl\/\"},{\"@type\":\"ListItem\",\"position\":2,\"name\":\"Kino Za Rogiem &#8222;Kolejarz&#8221;\"}]},{\"@type\":\"WebSite\",\"@id\":\"https:\/\/gcksirwegliniec.pl\/#website\",\"url\":\"https:\/\/gcksirwegliniec.pl\/\",\"name\":\"GCKSiR W\u0119gliniec\",\"description\":\"\",\"publisher\":{\"@id\":\"https:\/\/gcksirwegliniec.pl\/#organization\"},\"potentialAction\":[{\"@type\":\"SearchAction\",\"target\":{\"@type\":\"EntryPoint\",\"urlTemplate\":\"https:\/\/gcksirwegliniec.pl\/?s={search_term_string}\"},\"query-input\":{\"@type\":\"PropertyValueSpecification\",\"valueRequired\":true,\"valueName\":\"search_term_string\"}}],\"inLanguage\":\"pl-PL\"},{\"@type\":\"Organization\",\"@id\":\"https:\/\/gcksirwegliniec.pl\/#organization\",\"name\":\"GCKSiR W\u0119gliniec\",\"url\":\"https:\/\/gcksirwegliniec.pl\/\",\"logo\":{\"@type\":\"ImageObject\",\"inLanguage\":\"pl-PL\",\"@id\":\"https:\/\/gcksirwegliniec.pl\/#\/schema\/logo\/image\/\",\"url\":\"https:\/\/gcksirwegliniec.pl\/wp-content\/uploads\/2025\/08\/cropped-A790B771-B708-480A-B996-7A8B9BB2ABCE.jpeg\",\"contentUrl\":\"https:\/\/gcksirwegliniec.pl\/wp-content\/uploads\/2025\/08\/cropped-A790B771-B708-480A-B996-7A8B9BB2ABCE.jpeg\",\"width\":689,\"height\":435,\"caption\":\"GCKSiR W\u0119gliniec\"},\"image\":{\"@id\":\"https:\/\/gcksirwegliniec.pl\/#\/schema\/logo\/image\/\"}}]}<\/script>\n<!-- \/ Yoast SEO plugin. -->","yoast_head_json":{"title":"Kino Za Rogiem \"Kolejarz\" - GCKSiR W\u0119gliniec","robots":{"index":"index","follow":"follow","max-snippet":"max-snippet:-1","max-image-preview":"max-image-preview:large","max-video-preview":"max-video-preview:-1"},"canonical":"https:\/\/gcksirwegliniec.pl\/?page_id=163","og_locale":"pl_PL","og_type":"article","og_title":"Kino Za Rogiem \"Kolejarz\" - GCKSiR W\u0119gliniec","og_url":"https:\/\/gcksirwegliniec.pl\/?page_id=163","og_site_name":"GCKSiR W\u0119gliniec","article_modified_time":"2026-02-08T09:51:00+00:00","og_image":[{"width":2048,"height":1153,"url":"https:\/\/gcksirwegliniec.pl\/wp-content\/uploads\/2025\/08\/530226120_2515956055409388_5578955652162840829_n.jpg","type":"image\/jpeg"}],"twitter_card":"summary_large_image","twitter_misc":{"Szacowany czas czytania":"2 minuty"},"schema":{"@context":"https:\/\/schema.org","@graph":[{"@type":"WebPage","@id":"https:\/\/gcksirwegliniec.pl\/?page_id=163","url":"https:\/\/gcksirwegliniec.pl\/?page_id=163","name":"Kino Za Rogiem \"Kolejarz\" - GCKSiR W\u0119gliniec","isPartOf":{"@id":"https:\/\/gcksirwegliniec.pl\/#website"},"primaryImageOfPage":{"@id":"https:\/\/gcksirwegliniec.pl\/?page_id=163#primaryimage"},"image":{"@id":"https:\/\/gcksirwegliniec.pl\/?page_id=163#primaryimage"},"thumbnailUrl":"http:\/\/strona.gcksirwegliniec.pl\/wp-content\/uploads\/2025\/08\/530226120_2515956055409388_5578955652162840829_n-1024x577.jpg","datePublished":"2025-07-29T20:59:48+00:00","dateModified":"2026-02-08T09:51:00+00:00","breadcrumb":{"@id":"https:\/\/gcksirwegliniec.pl\/?page_id=163#breadcrumb"},"inLanguage":"pl-PL","potentialAction":[{"@type":"ReadAction","target":["https:\/\/gcksirwegliniec.pl\/?page_id=163"]}]},{"@type":"ImageObject","inLanguage":"pl-PL","@id":"https:\/\/gcksirwegliniec.pl\/?page_id=163#primaryimage","url":"http:\/\/strona.gcksirwegliniec.pl\/wp-content\/uploads\/2025\/08\/530226120_2515956055409388_5578955652162840829_n-1024x577.jpg","contentUrl":"http:\/\/strona.gcksirwegliniec.pl\/wp-content\/uploads\/2025\/08\/530226120_2515956055409388_5578955652162840829_n-1024x577.jpg"},{"@type":"BreadcrumbList","@id":"https:\/\/gcksirwegliniec.pl\/?page_id=163#breadcrumb","itemListElement":[{"@type":"ListItem","position":1,"name":"Home","item":"https:\/\/gcksirwegliniec.pl\/"},{"@type":"ListItem","position":2,"name":"Kino Za Rogiem &#8222;Kolejarz&#8221;"}]},{"@type":"WebSite","@id":"https:\/\/gcksirwegliniec.pl\/#website","url":"https:\/\/gcksirwegliniec.pl\/","name":"GCKSiR W\u0119gliniec","description":"","publisher":{"@id":"https:\/\/gcksirwegliniec.pl\/#organization"},"potentialAction":[{"@type":"SearchAction","target":{"@type":"EntryPoint","urlTemplate":"https:\/\/gcksirwegliniec.pl\/?s={search_term_string}"},"query-input":{"@type":"PropertyValueSpecification","valueRequired":true,"valueName":"search_term_string"}}],"inLanguage":"pl-PL"},{"@type":"Organization","@id":"https:\/\/gcksirwegliniec.pl\/#organization","name":"GCKSiR W\u0119gliniec","url":"https:\/\/gcksirwegliniec.pl\/","logo":{"@type":"ImageObject","inLanguage":"pl-PL","@id":"https:\/\/gcksirwegliniec.pl\/#\/schema\/logo\/image\/","url":"https:\/\/gcksirwegliniec.pl\/wp-content\/uploads\/2025\/08\/cropped-A790B771-B708-480A-B996-7A8B9BB2ABCE.jpeg","contentUrl":"https:\/\/gcksirwegliniec.pl\/wp-content\/uploads\/2025\/08\/cropped-A790B771-B708-480A-B996-7A8B9BB2ABCE.jpeg","width":689,"height":435,"caption":"GCKSiR W\u0119gliniec"},"image":{"@id":"https:\/\/gcksirwegliniec.pl\/#\/schema\/logo\/image\/"}}]}},"uagb_featured_image_src":{"full":false,"thumbnail":false,"medium":false,"medium_large":false,"large":false,"1536x1536":false,"2048x2048":false,"thumb-small":false,"thumb-standard":false,"thumb-medium":false,"thumb-large":false,"thumb-xlarge":false,"thumb-xxlarge":false,"thumb-large-no-crop":false,"thumb-medium-no-crop":false,"thumb-standard-no-crop":false,"mailpoet_newsletter_max":false,"woocommerce_thumbnail":false,"woocommerce_single":false,"woocommerce_gallery_thumbnail":false},"uagb_author_info":{"display_name":"admin","author_link":"https:\/\/gcksirwegliniec.pl\/?author=1"},"uagb_comment_info":0,"uagb_excerpt":null,"jetpack_sharing_enabled":true,"_links":{"self":[{"href":"https:\/\/gcksirwegliniec.pl\/index.php?rest_route=\/wp\/v2\/pages\/163","targetHints":{"allow":["GET"]}}],"collection":[{"href":"https:\/\/gcksirwegliniec.pl\/index.php?rest_route=\/wp\/v2\/pages"}],"about":[{"href":"https:\/\/gcksirwegliniec.pl\/index.php?rest_route=\/wp\/v2\/types\/page"}],"author":[{"embeddable":true,"href":"https:\/\/gcksirwegliniec.pl\/index.php?rest_route=\/wp\/v2\/users\/1"}],"replies":[{"embeddable":true,"href":"https:\/\/gcksirwegliniec.pl\/index.php?rest_route=%2Fwp%2Fv2%2Fcomments&post=163"}],"version-history":[{"count":76,"href":"https:\/\/gcksirwegliniec.pl\/index.php?rest_route=\/wp\/v2\/pages\/163\/revisions"}],"predecessor-version":[{"id":4646,"href":"https:\/\/gcksirwegliniec.pl\/index.php?rest_route=\/wp\/v2\/pages\/163\/revisions\/4646"}],"wp:attachment":[{"href":"https:\/\/gcksirwegliniec.pl\/index.php?rest_route=%2Fwp%2Fv2%2Fmedia&parent=163"}],"curies":[{"name":"wp","href":"https:\/\/api.w.org\/{rel}","templated":true}]}}