{"id":1140,"date":"2025-08-10T10:28:22","date_gmt":"2025-08-10T08:28:22","guid":{"rendered":"http:\/\/strona.gcksirwegliniec.pl\/?page_id=1140"},"modified":"2025-08-17T21:09:10","modified_gmt":"2025-08-17T19:09:10","slug":"regulamin-wypozyczania-rowerow","status":"publish","type":"page","link":"https:\/\/gcksirwegliniec.pl\/?page_id=1140","title":{"rendered":"Regulamin wypo\u017cyczania rower\u00f3w"},"content":{"rendered":"<h1 class=\"fonts-plugin-block \" style=\"font-family: Oswald !important;font-weight: 400 !important;text-align: center !important;color: #016939 !important\">Regulamin wypo\u017cyczania rower\u00f3w<\/h1>\n\n\n<div style=\"height:10px\" aria-hidden=\"true\" class=\"wp-block-spacer\"><\/div>\n\n\n\n<ol class=\"wp-block-list\">\n<li>Niniejszy Regulamin okre\u015bla prawa i obowi\u0105zki oraz odpowiedzialno\u015b\u0107 Klient\u00f3w korzystaj\u0105cych z rower\u00f3w turystycznych w ramach wypo\u017cyczalni prowadzonej przez Gminne Centrum Kultury, Sportu i Rekreacji w W\u0119gli\u0144cu.<\/li>\n\n\n\n<li>Wypo\u017cyczalnia znajduje si\u0119 na terenie dworca PKP w W\u0119gli\u0144cu, ul. Kolejowa (na ko\u0144cu peronu 3). Kontakt w sprawie funkcjonowania wypo\u017cyczalni oraz wynajmowania rower\u00f3w mo\u017cna uzyska\u0107 pod nr tel. 507-434-116 oraz 721-043-499.<\/li>\n\n\n\n<li>Wypo\u017cyczalnia czynna jest od 1 kwietnia do 1 listopada, przez siedem dni w tygodniu. W pozosta\u0142ym okresie wypo\u017cyczenie rower\u00f3w nale\u017cy uzgadnia\u0107 indywidualnie. Wypo\u017cyczanie rower\u00f3w mo\u017cliwe jest w godz. 9:00 \u2013 18:00 i nast\u0119puje po wcze\u015bniejszym telefonicznym um\u00f3wieniu si\u0119 na wypo\u017cyczenie z pracownikiem wypo\u017cyczalni.<\/li>\n\n\n\n<li>Wypo\u017cyczane rowery s\u0105 w\u0142asno\u015bci\u0105 Gminnego Centrum Sportu i Rekreacji w W\u0119gli\u0144cu.<\/li>\n\n\n\n<li>Wypo\u017cyczane rowery wyposa\u017cone s\u0105 w link\u0119 zabezpieczaj\u0105c\u0105 z zamkiem, o\u015bwietlenie pozycyjne przednie i tylne, licznik, dzwonek, b\u0142otniki (dot. niekt\u00f3rych modeli) i s\u0105 specjalnie oznakowane.<\/li>\n\n\n\n<li>Wypo\u017cyczane rowery s\u0105 sprawne technicznie i w takim samym stanie powinny zosta\u0107 zwr\u00f3cone do wypo\u017cyczalni.<\/li>\n\n\n\n<li>Op\u0142at\u0119 za wypo\u017cyczenie roweru pobiera si\u0119 z g\u00f3ry, za zadeklarowany czas jego u\u017cywania, kt\u00f3ry nie mo\u017ce by\u0107 d\u0142u\u017cszy, ni\u017c wynosz\u0105 godziny otwarcia wypo\u017cyczalni. Zwrot roweru po terminie powoduje pobranie dop\u0142aty zgodnie z obowi\u0105zuj\u0105cym cennikiem wypo\u017cyczalni. O ostatecznej godzinie zwrotu roweru nale\u017cy poinformowa\u0107 obs\u0142ug\u0119 wypo\u017cyczalni na min. p\u00f3\u0142 godziny przez planowanym zwrotem.<\/li>\n\n\n\n<li>Wypo\u017cyczenie rower\u00f3w odbywa si\u0119 na podstawie umowy wypo\u017cyczenia roweru wraz wyposa\u017ceniem potwierdzonych podpisem Wypo\u017cyczaj\u0105cego, co jest r\u00f3wnoznaczne z potwierdzeniem zaznajomienia si\u0119 z regulaminem i przystaniem na jego warunki.<\/li>\n\n\n\n<li>Wypo\u017cyczenie rower\u00f3w wymaga spe\u0142nienia \u0142\u0105cznie nast\u0119puj\u0105cych warunk\u00f3w:\n<ul class=\"wp-block-list\">\n<li>uko\u0144czone 18 lat<\/li>\n\n\n\n<li>przedstawienie wa\u017cnego dokumentu ze zdj\u0119ciem stwierdzaj\u0105cym to\u017csamo\u015b\u0107 (dow\u00f3d osobisty, paszport, prawo jazdy itp.)<\/li>\n\n\n\n<li>zawarcie umowy wypo\u017cyczenia roweru wed\u0142ug wzoru stanowi\u0105cego Za\u0142\u0105cznik nr 1 do niniejszego Regulaminu.<\/li>\n\n\n\n<li>osoba wypo\u017cyczaj\u0105ca i u\u017cytkuj\u0105ca rower nie mo\u017ce pozostawa\u0107 pod wp\u0142ywem alkoholu oraz innych \u015brodk\u00f3w odurzaj\u0105cych.<\/li>\n<\/ul>\n<\/li>\n\n\n\n<li>Wypo\u017cyczaj\u0105cy zobowi\u0105zuje si\u0119 do:\n<ul class=\"wp-block-list\">\n<li>korzystania z roweru oraz jego wyposa\u017cenia zgodnie z ich przeznaczeniem<\/li>\n\n\n\n<li>zwrotu roweru do Wypo\u017cyczalni, sprawnego technicznie w stanie niepogorszonym, czystego w terminie zgodnym z zadeklarowanym czasem zwrotu. Dow\u00f3d zwrotu sprz\u0119tu stanowi Za\u0142\u0105cznik nr 2 do niniejszego Regulaminu<\/li>\n\n\n\n<li>korzystania z roweru wy\u0142\u0105cznie w celach niekomercyjnych i wy\u0142\u0105cznie dla u\u017cytku osobistego Wypo\u017cyczaj\u0105cego<\/li>\n\n\n\n<li>przestrzegania zakazu u\u017cyczania roweru osobom trzecim<\/li>\n\n\n\n<li>nie u\u017cywania rower\u00f3w w celu wycieczek g\u00f3rskich, skok\u00f3w, sztuczek kaskaderskich, wy\u015bcig\u00f3w itp.<\/li>\n\n\n\n<li>niezw\u0142ocznego zg\u0142aszania problem\u00f3w zwi\u0105zanych z korzystaniem z roweru pracownikowi Wypo\u017cyczalni oraz odstawienia roweru do wypo\u017cyczalni w przypadku stwierdzenia podczas jazdy rowerem jakiejkolwiek usterki roweru<\/li>\n\n\n\n<li>zaniechania samodzielnego dokonywania jakichkolwiek napraw, modyfikacji, wymiany cz\u0119\u015bci w wypo\u017cyczonym rowerze<\/li>\n\n\n\n<li>pokrycia koszt\u00f3w naprawy uszkodzonego roweru lub jego wyposa\u017cenia, wynik\u0142ych z winy Wypo\u017cyczaj\u0105cego<\/li>\n\n\n\n<li>pokrycia koszt\u00f3w zakupu nowego roweru w przypadku ca\u0142kowitego zniszczenia wypo\u017cyczonego roweru.<\/li>\n<\/ul>\n<\/li>\n\n\n\n<li>Pe\u0142n\u0105 odpowiedzialno\u015b\u0107 za wypadki, wszelkie szkody powsta\u0142e w czasie korzystania z wypo\u017cyczonego roweru ponosi Wypo\u017cyczaj\u0105cy. Wypo\u017cyczaj\u0105cy b\u0119d\u0105c uczestnikiem ruchu drogowego jest obowi\u0105zany przestrzega\u0107 zasad poruszania si\u0119 po drogach i czyni to tylko i wy\u0142\u0105cznie na w\u0142asn\u0105 odpowiedzialno\u015b\u0107. Wypo\u017cyczaj\u0105cy zrzeka si\u0119 wszelkich roszcze\u0144 wobec Gminnego Centrum Kultury, Sportu i Rekreacji w W\u0119gli\u0144cu z tytu\u0142u wypadk\u00f3w, poniesionych szk\u00f3d lub obra\u017ce\u0144 powsta\u0142ych w okresie korzystania z wypo\u017cyczonych rower\u00f3w.<\/li>\n\n\n\n<li>Wypo\u017cyczaj\u0105cy ponosi wy\u0142\u0105czn\u0105 odpowiedzialno\u015b\u0107 za wszelkie szkody wyrz\u0105dzone osobom trzecim zwi\u0105zanych z korzystaniem wypo\u017cyczonych rower\u00f3w.<\/li>\n\n\n\n<li>Ka\u017cdy rower wypo\u017cyczany jest za pobraniem kaucji w wysoko\u015bci 100 z\u0142 (s\u0142ownie: sto z\u0142otych 00\/100) w got\u00f3wce za pokwitowaniem w celu zabezpieczenia roszcze\u0144 z tytu\u0142u jego ewentualnego uszkodzenia lub zniszczenia.<\/li>\n\n\n\n<li>Rozliczenie kaucji nast\u0119puje po zwrocie roweru wed\u0142ug nast\u0119puj\u0105cych zasad:\n<ul class=\"wp-block-list\">\n<li>w przypadku zwrotu roweru w stanie niepogorszonym kaucja zostanie zwr\u00f3cona w pe\u0142nej wysoko\u015bci w momencie zwrotu roweru<\/li>\n\n\n\n<li>w przypadku stwierdzenia uszkodze\u0144 lub zniszczenia mo\u017cliwego do okre\u015blenia i wyceny przez pracownika Wypo\u017cyczalni \u2013 na podstawie aktualnych cen rynkowych \u2013 kaucja zostanie pomniejszona o koszt naprawy<\/li>\n\n\n\n<li>w przypadku innym ni\u017c okre\u015blonym wy\u017cej uszkodze\u0144 i konieczno\u015bci oddania roweru do serwisu \u2013 kaucja zostanie zatrzymana w pe\u0142nej wysoko\u015bci do chwili rozliczenia z serwisem. Po wykonaniu us\u0142ugo serwisowej pracownik Wypo\u017cyczalni skontaktuje si\u0119 z Wypo\u017cyczaj\u0105cym w celu ustalenia zwrotu pozosta\u0142ej po rozliczeniu kaucji lub koniecznej dop\u0142aty, w przypadku gdy koszt us\u0142ugi serwisowej przewy\u017cszy wysoko\u015b\u0107 kaucji.<\/li>\n<\/ul>\n<\/li>\n\n\n\n<li>W trakcie korzystania z roweru zabrania si\u0119:\n<ul class=\"wp-block-list\">\n<li>spo\u017cywania alkoholu lub innych \u015brodk\u00f3w odurzaj\u0105cych<\/li>\n\n\n\n<li>pozostawiania roweru bez odpowiedniego nadzoru<\/li>\n<\/ul>\n<\/li>\n\n\n\n<li>W przypadku:\n<ul class=\"wp-block-list\">\n<li>powzi\u0119cia przez Wypo\u017cyczalni\u0119 informacji o nieprzestrzeganiu zapis\u00f3w Regulaminu, Wypo\u017cyczalnia mo\u017ce \u017c\u0105da\u0107 natychmiastowego zwrotu roweru i podj\u0105\u0107 czynno\u015bci zmierzaj\u0105ce do jego fizycznego odebrania<\/li>\n\n\n\n<li>utraty wypo\u017cyczonego roweru na skutek okoliczno\u015bci, za kt\u00f3re Wypo\u017cyczaj\u0105cy ponosi odpowiedzialno\u015b\u0107, w tym kradzie\u017cy wynik\u0142ej z pozostawienia roweru bez odpowiedniego nadzoru lub jego zgubienia, Wypo\u017cyczaj\u0105cy zobowi\u0105zany jest zwr\u00f3ci\u0107 warto\u015b\u0107 roweru.<\/li>\n\n\n\n<li>kradzie\u017cy roweru, Wypo\u017cyczaj\u0105cy ma obowi\u0105zek niezw\u0142ocznie zawiadomi\u0107 policj\u0119, a nast\u0119pnie przedstawi\u0107 Wypo\u017cyczalni za\u015bwiadczenie o zg\u0142oszeniu kradzie\u017cy<\/li>\n\n\n\n<li>niezwr\u00f3cenie roweru w ustalonym terminie i niepoinformowanie pracownika Wypo\u017cyczalni o tym fakcie skutkowa\u0107 b\u0119dzie przekazaniem danych Wypo\u017cyczaj\u0105cego policji z informacj\u0105 o prawdopodobie\u0144stwie pope\u0142nienia czynu karalnego przez Wypo\u017cyczaj\u0105cego.<\/li>\n\n\n\n<li>Klienta, kt\u00f3ry nie przestrzega\u0142 Regulaminu, Wypo\u017cyczalnia ma prawo odm\u00f3wi\u0107 wypo\u017cyczenia roweru w przysz\u0142o\u015bci<\/li>\n<\/ul>\n<\/li>\n\n\n\n<li>Za wady ukryte Wypo\u017cyczalnia nie bierze odpowiedzialno\u015bci. Wypo\u017cyczalnia nie bierze odpowiedzialno\u015bci wobec Wypo\u017cyczaj\u0105cego za wszelkie szkody i krzywdy b\u0119d\u0105ce wynikiem korzystania z roweru.<\/li>\n\n\n\n<li>Odbi\u00f3r i zwrot roweru odbywa si\u0119 przy udziale pracownika Wypo\u017cyczalni.<\/li>\n\n\n\n<li>Aktualna tre\u015b\u0107 Regulaminu dost\u0119pna jest w Wypo\u017cyczalni oraz na stronie internetowej Gminnego Centrum Kultury, Sportu i Rekreacji w W\u0119gli\u0144cu \u2013 www.gcksirwegliniec.pl<\/li>\n<\/ol>\n\n\n\n<p class=\"wp-block-paragraph\"><strong>Cennik:<\/strong><\/p>\n\n\n\n<p class=\"wp-block-paragraph\">rower MTB 29\u2033 \u2013 50 z\u0142\/dzie\u0144<\/p>\n\n\n\n<p class=\"wp-block-paragraph\">rower miejski i dzieci\u0119cy \u2013 40 z\u0142\/dzie\u0144<\/p>\n","protected":false},"excerpt":{"rendered":"<p>Cennik: rower MTB 29\u2033 \u2013 50 z\u0142\/dzie\u0144 rower miejski i dzieci\u0119cy \u2013 40 z\u0142\/dzie\u0144<\/p>\n","protected":false},"author":1,"featured_media":0,"parent":0,"menu_order":0,"comment_status":"closed","ping_status":"closed","template":"","meta":{"_eb_attr":"","_crdt_document":"","_uag_custom_page_level_css":"","footnotes":""},"class_list":["post-1140","page","type-page","status-publish","hentry"],"yoast_head":"<!-- This site is optimized with the Yoast SEO plugin v26.9 - https:\/\/yoast.com\/product\/yoast-seo-wordpress\/ -->\n<title>Regulamin wypo\u017cyczania rower\u00f3w - GCKSiR W\u0119gliniec<\/title>\n<meta name=\"robots\" content=\"index, follow, max-snippet:-1, max-image-preview:large, max-video-preview:-1\" \/>\n<link rel=\"canonical\" href=\"https:\/\/gcksirwegliniec.pl\/?page_id=1140\" \/>\n<meta property=\"og:locale\" content=\"pl_PL\" \/>\n<meta property=\"og:type\" content=\"article\" \/>\n<meta property=\"og:title\" content=\"Regulamin wypo\u017cyczania rower\u00f3w - GCKSiR W\u0119gliniec\" \/>\n<meta property=\"og:description\" content=\"Cennik: rower MTB 29\u2033 \u2013 50 z\u0142\/dzie\u0144 rower miejski i dzieci\u0119cy \u2013 40 z\u0142\/dzie\u0144\" \/>\n<meta property=\"og:url\" content=\"https:\/\/gcksirwegliniec.pl\/?page_id=1140\" \/>\n<meta property=\"og:site_name\" content=\"GCKSiR W\u0119gliniec\" \/>\n<meta property=\"article:modified_time\" content=\"2025-08-17T19:09:10+00:00\" \/>\n<meta name=\"twitter:card\" content=\"summary_large_image\" \/>\n<meta name=\"twitter:label1\" content=\"Szacowany czas czytania\" \/>\n\t<meta name=\"twitter:data1\" content=\"5 minut\" \/>\n<script type=\"application\/ld+json\" class=\"yoast-schema-graph\">{\"@context\":\"https:\/\/schema.org\",\"@graph\":[{\"@type\":\"WebPage\",\"@id\":\"https:\/\/gcksirwegliniec.pl\/?page_id=1140\",\"url\":\"https:\/\/gcksirwegliniec.pl\/?page_id=1140\",\"name\":\"Regulamin wypo\u017cyczania rower\u00f3w - GCKSiR W\u0119gliniec\",\"isPartOf\":{\"@id\":\"https:\/\/gcksirwegliniec.pl\/#website\"},\"datePublished\":\"2025-08-10T08:28:22+00:00\",\"dateModified\":\"2025-08-17T19:09:10+00:00\",\"breadcrumb\":{\"@id\":\"https:\/\/gcksirwegliniec.pl\/?page_id=1140#breadcrumb\"},\"inLanguage\":\"pl-PL\",\"potentialAction\":[{\"@type\":\"ReadAction\",\"target\":[\"https:\/\/gcksirwegliniec.pl\/?page_id=1140\"]}]},{\"@type\":\"BreadcrumbList\",\"@id\":\"https:\/\/gcksirwegliniec.pl\/?page_id=1140#breadcrumb\",\"itemListElement\":[{\"@type\":\"ListItem\",\"position\":1,\"name\":\"Home\",\"item\":\"https:\/\/gcksirwegliniec.pl\/\"},{\"@type\":\"ListItem\",\"position\":2,\"name\":\"Regulamin wypo\u017cyczania rower\u00f3w\"}]},{\"@type\":\"WebSite\",\"@id\":\"https:\/\/gcksirwegliniec.pl\/#website\",\"url\":\"https:\/\/gcksirwegliniec.pl\/\",\"name\":\"GCKSiR W\u0119gliniec\",\"description\":\"\",\"publisher\":{\"@id\":\"https:\/\/gcksirwegliniec.pl\/#organization\"},\"potentialAction\":[{\"@type\":\"SearchAction\",\"target\":{\"@type\":\"EntryPoint\",\"urlTemplate\":\"https:\/\/gcksirwegliniec.pl\/?s={search_term_string}\"},\"query-input\":{\"@type\":\"PropertyValueSpecification\",\"valueRequired\":true,\"valueName\":\"search_term_string\"}}],\"inLanguage\":\"pl-PL\"},{\"@type\":\"Organization\",\"@id\":\"https:\/\/gcksirwegliniec.pl\/#organization\",\"name\":\"GCKSiR W\u0119gliniec\",\"url\":\"https:\/\/gcksirwegliniec.pl\/\",\"logo\":{\"@type\":\"ImageObject\",\"inLanguage\":\"pl-PL\",\"@id\":\"https:\/\/gcksirwegliniec.pl\/#\/schema\/logo\/image\/\",\"url\":\"https:\/\/gcksirwegliniec.pl\/wp-content\/uploads\/2025\/08\/cropped-A790B771-B708-480A-B996-7A8B9BB2ABCE.jpeg\",\"contentUrl\":\"https:\/\/gcksirwegliniec.pl\/wp-content\/uploads\/2025\/08\/cropped-A790B771-B708-480A-B996-7A8B9BB2ABCE.jpeg\",\"width\":689,\"height\":435,\"caption\":\"GCKSiR W\u0119gliniec\"},\"image\":{\"@id\":\"https:\/\/gcksirwegliniec.pl\/#\/schema\/logo\/image\/\"}}]}<\/script>\n<!-- \/ Yoast SEO plugin. -->","yoast_head_json":{"title":"Regulamin wypo\u017cyczania rower\u00f3w - GCKSiR W\u0119gliniec","robots":{"index":"index","follow":"follow","max-snippet":"max-snippet:-1","max-image-preview":"max-image-preview:large","max-video-preview":"max-video-preview:-1"},"canonical":"https:\/\/gcksirwegliniec.pl\/?page_id=1140","og_locale":"pl_PL","og_type":"article","og_title":"Regulamin wypo\u017cyczania rower\u00f3w - GCKSiR W\u0119gliniec","og_description":"Cennik: rower MTB 29\u2033 \u2013 50 z\u0142\/dzie\u0144 rower miejski i dzieci\u0119cy \u2013 40 z\u0142\/dzie\u0144","og_url":"https:\/\/gcksirwegliniec.pl\/?page_id=1140","og_site_name":"GCKSiR W\u0119gliniec","article_modified_time":"2025-08-17T19:09:10+00:00","twitter_card":"summary_large_image","twitter_misc":{"Szacowany czas czytania":"5 minut"},"schema":{"@context":"https:\/\/schema.org","@graph":[{"@type":"WebPage","@id":"https:\/\/gcksirwegliniec.pl\/?page_id=1140","url":"https:\/\/gcksirwegliniec.pl\/?page_id=1140","name":"Regulamin wypo\u017cyczania rower\u00f3w - GCKSiR W\u0119gliniec","isPartOf":{"@id":"https:\/\/gcksirwegliniec.pl\/#website"},"datePublished":"2025-08-10T08:28:22+00:00","dateModified":"2025-08-17T19:09:10+00:00","breadcrumb":{"@id":"https:\/\/gcksirwegliniec.pl\/?page_id=1140#breadcrumb"},"inLanguage":"pl-PL","potentialAction":[{"@type":"ReadAction","target":["https:\/\/gcksirwegliniec.pl\/?page_id=1140"]}]},{"@type":"BreadcrumbList","@id":"https:\/\/gcksirwegliniec.pl\/?page_id=1140#breadcrumb","itemListElement":[{"@type":"ListItem","position":1,"name":"Home","item":"https:\/\/gcksirwegliniec.pl\/"},{"@type":"ListItem","position":2,"name":"Regulamin wypo\u017cyczania rower\u00f3w"}]},{"@type":"WebSite","@id":"https:\/\/gcksirwegliniec.pl\/#website","url":"https:\/\/gcksirwegliniec.pl\/","name":"GCKSiR W\u0119gliniec","description":"","publisher":{"@id":"https:\/\/gcksirwegliniec.pl\/#organization"},"potentialAction":[{"@type":"SearchAction","target":{"@type":"EntryPoint","urlTemplate":"https:\/\/gcksirwegliniec.pl\/?s={search_term_string}"},"query-input":{"@type":"PropertyValueSpecification","valueRequired":true,"valueName":"search_term_string"}}],"inLanguage":"pl-PL"},{"@type":"Organization","@id":"https:\/\/gcksirwegliniec.pl\/#organization","name":"GCKSiR W\u0119gliniec","url":"https:\/\/gcksirwegliniec.pl\/","logo":{"@type":"ImageObject","inLanguage":"pl-PL","@id":"https:\/\/gcksirwegliniec.pl\/#\/schema\/logo\/image\/","url":"https:\/\/gcksirwegliniec.pl\/wp-content\/uploads\/2025\/08\/cropped-A790B771-B708-480A-B996-7A8B9BB2ABCE.jpeg","contentUrl":"https:\/\/gcksirwegliniec.pl\/wp-content\/uploads\/2025\/08\/cropped-A790B771-B708-480A-B996-7A8B9BB2ABCE.jpeg","width":689,"height":435,"caption":"GCKSiR W\u0119gliniec"},"image":{"@id":"https:\/\/gcksirwegliniec.pl\/#\/schema\/logo\/image\/"}}]}},"uagb_featured_image_src":{"full":false,"thumbnail":false,"medium":false,"medium_large":false,"large":false,"1536x1536":false,"2048x2048":false,"thumb-small":false,"thumb-standard":false,"thumb-medium":false,"thumb-large":false,"thumb-xlarge":false,"thumb-xxlarge":false,"thumb-large-no-crop":false,"thumb-medium-no-crop":false,"thumb-standard-no-crop":false,"mailpoet_newsletter_max":false,"woocommerce_thumbnail":false,"woocommerce_single":false,"woocommerce_gallery_thumbnail":false},"uagb_author_info":{"display_name":"admin","author_link":"https:\/\/gcksirwegliniec.pl\/?author=1"},"uagb_comment_info":0,"uagb_excerpt":"Cennik: rower MTB 29\u2033 \u2013 50 z\u0142\/dzie\u0144 rower miejski i dzieci\u0119cy \u2013 40 z\u0142\/dzie\u0144","jetpack_sharing_enabled":true,"_links":{"self":[{"href":"https:\/\/gcksirwegliniec.pl\/index.php?rest_route=\/wp\/v2\/pages\/1140","targetHints":{"allow":["GET"]}}],"collection":[{"href":"https:\/\/gcksirwegliniec.pl\/index.php?rest_route=\/wp\/v2\/pages"}],"about":[{"href":"https:\/\/gcksirwegliniec.pl\/index.php?rest_route=\/wp\/v2\/types\/page"}],"author":[{"embeddable":true,"href":"https:\/\/gcksirwegliniec.pl\/index.php?rest_route=\/wp\/v2\/users\/1"}],"replies":[{"embeddable":true,"href":"https:\/\/gcksirwegliniec.pl\/index.php?rest_route=%2Fwp%2Fv2%2Fcomments&post=1140"}],"version-history":[{"count":2,"href":"https:\/\/gcksirwegliniec.pl\/index.php?rest_route=\/wp\/v2\/pages\/1140\/revisions"}],"predecessor-version":[{"id":2574,"href":"https:\/\/gcksirwegliniec.pl\/index.php?rest_route=\/wp\/v2\/pages\/1140\/revisions\/2574"}],"wp:attachment":[{"href":"https:\/\/gcksirwegliniec.pl\/index.php?rest_route=%2Fwp%2Fv2%2Fmedia&parent=1140"}],"curies":[{"name":"wp","href":"https:\/\/api.w.org\/{rel}","templated":true}]}}