{"id":11,"date":"2025-06-08T17:21:58","date_gmt":"2025-06-08T15:21:58","guid":{"rendered":"http:\/\/strona.gcksirwegliniec.pl\/?page_id=11"},"modified":"2026-02-20T14:31:34","modified_gmt":"2026-02-20T13:31:34","slug":"kontakt","status":"publish","type":"page","link":"https:\/\/gcksirwegliniec.pl\/?page_id=11","title":{"rendered":"Kontakt"},"content":{"rendered":"<h1 class=\"fonts-plugin-block \" style=\"font-family: Oswald !important;font-weight: 400 !important;text-align: center !important;color: #016939 !important\">Kontakt<\/h1>\n\n\n<div style=\"height:21px\" aria-hidden=\"true\" class=\"wp-block-spacer\"><\/div>\n\n\n\n<div class=\"wp-block-essential-blocks-shape-divider  root-eb-shape-divider-jqxt8\"><div class=\"eb-parent-wrapper eb-parent-eb-shape-divider-jqxt8 \"><div class=\"eb-shape-divider-wrapper eb-shape-divider-jqxt8\"><div class=\"eb-shape-divider eb-shape-divider-top\" data-shape=\"style_1\" data-negative=\"false\"><svg xmlns=\"http:\/\/www.w3.org\/2000\/svg\" fill=\"none\" viewBox=\"0 0 1000 100\" preserveAspectRatio=\"none\"><g clip-path=\"url(#eb-shape-divider-ocean-wave)\"><path class=\"eb-shape-divider-fill\" fill=\"#715AFF\" d=\"M0 97.79S101.82-.97 283.17 5.23c203.09 0 290.46 94.4 716.83 94.4V0H0v97.79Z\"><\/path><\/g><defs><clipPath id=\"eb-shape-divider-ocean-wave\"><path fill=\"#fff\" class=\"eb-shape-divider-fill\" d=\"M0 0h1000v99.62H0z\"><\/path><\/clipPath><\/defs><\/svg><\/div><\/div><\/div><\/div>\n\n\n\n<div style=\"height:21px\" aria-hidden=\"true\" class=\"wp-block-spacer\"><\/div>\n\n\n<h4 class=\"fonts-plugin-block \" style=\"font-family: Oswald !important;font-weight: 400 !important;text-align: center !important;color: #016939 !important\">Gminne Centrum Kultury, Sportu i Rekreacji w W\u0119gli\u0144cu<br>Plac Wolno\u015bci 1<br>59-940 W\u0119gliniec<br>tel. 75 723 62 29<br>e-mail: biuro@gcksirwegliniec.pl<br>Adres e-dor\u0119cze\u0144: AE:PL-13365-35974-DVDJF-31<\/h4>\n\n<h5 class=\"fonts-plugin-block \" style=\"font-family: Oswald !important;font-weight: 300 !important;text-align: center !important;color: #016939 !important\">Czynne:<br>8:00 &#8211; 16:00<br><br>NIP: 615-10-43-884 REGON: 021345790<br>Konto bankowe: <br>51 8382 0001 2618 1871 2000 0010<\/h5>\n\n\n<div style=\"height:22px\" aria-hidden=\"true\" class=\"wp-block-spacer\"><\/div>\n\n\n\n<div class=\"wp-block-essential-blocks-advanced-tabs  root-eb-advanced-tabs-kd7w7\"><div class=\"eb-parent-wrapper eb-parent-eb-advanced-tabs-kd7w7 eb_animation eb___animated eb___zoomIn\"><div class=\"eb-advanced-tabs-kd7w7 eb-advanced-tabs-wrapper horizontal \" data-min-height=\"true\"><div class=\"eb-tabs-nav \"><ul class=\"tabTitles\" data-tabs-ul-id=\"eb-advanced-tabs-kd7w7\"><li data-title-tab-id=\"1\" data-title-custom-id=\"\" class=\"active\"><span class=\"dashicon dashicons dashicons-admin-users tabIcon\"><\/span><div class=\"tab-title-wrap\"><h6 class=\"tab-title-text\">Dyrektor<\/h6><\/div><\/li><li data-title-tab-id=\"2\" data-title-custom-id=\"\" class=\"inactive\"><span class=\"dashicon dashicons dashicons-admin-page tabIcon\"><\/span><div class=\"tab-title-wrap\"><h6 class=\"tab-title-text\">Ksi\u0119gowo\u015b\u0107<\/h6><\/div><\/li><li data-title-tab-id=\"3\" data-title-custom-id=\"\" class=\"inactive\"><span class=\"dashicon dashicons dashicons-email-alt tabIcon\"><\/span><div class=\"tab-title-wrap\"><h6 class=\"tab-title-text\">Sekretariat<\/h6><\/div><\/li><\/ul><\/div><div class=\"eb-tabs-contents\">\n<div class=\"eb-tab-wrapper\" data-tab-id=\"1\" data-tab-parent-id=\"eb-advanced-tabs-kd7w7\"><div class=\"eb-tab-inner\"><h3 class=\"fonts-plugin-block \" style=\"font-family: Oswald !important;font-weight: 200 !important;text-align: center !important;color: #ffffff !important\">Dyrektor GCKSiR w W\u0119gli\u0144cu<br>Joanna Gardulska<br>tel. 75 723 62 29<br>e-mail: dyrektor@gcksirwegliniec.pl<\/h3><\/div><\/div>\n\n\n\n<div class=\"eb-tab-wrapper\" data-tab-id=\"2\" data-tab-parent-id=\"eb-advanced-tabs-kd7w7\"><div class=\"eb-tab-inner\"><h3 class=\"fonts-plugin-block \" style=\"font-family: Oswald !important;font-weight: 200 !important;text-align: center !important;color: #ffffff !important\">Ksi\u0119gowa GCKSiR w W\u0119gli\u0144cu<br>Monika Polkowska-Marosz<br>tel. 75 723 62 29<br>e-mail: ksiegowa@gcksirwegliniec.pl<\/h3><\/div><\/div>\n\n\n\n<div class=\"eb-tab-wrapper\" data-tab-id=\"3\" data-tab-parent-id=\"eb-advanced-tabs-kd7w7\"><div class=\"eb-tab-inner\"><h3 class=\"fonts-plugin-block \" style=\"font-family: Oswald !important;font-weight: 200 !important;text-align: center !important;color: #ffffff !important\">Sekretariat GCKSiR w W\u0119gli\u0144cu<br>Urszula Hajda<br>tel. 75 723 62 29<br>e-mail: biuro@gcksirwegliniec.pl<\/h3><\/div><\/div>\n<\/div><\/div><\/div><\/div>\n\n\n\n<div style=\"height:41px\" aria-hidden=\"true\" class=\"wp-block-spacer\"><\/div>\n\n\n<h3 class=\"fonts-plugin-block \" style=\"font-family: Oswald !important;font-weight: 400 !important;text-align: center !important;color: #016939 !important\">Mo\u017cesz skontaktowa\u0107 si\u0119 z nami za pomoc\u0105 formularza<\/h3>\n\n\n<div style=\"height:22px\" aria-hidden=\"true\" class=\"wp-block-spacer\"><\/div>\n\n\n\n<div class=\"wp-block-contact-form-7-contact-form-selector\">\n<div class=\"wpcf7 no-js\" id=\"wpcf7-f2343-o1\" lang=\"pl-PL\" dir=\"ltr\" data-wpcf7-id=\"2343\">\n<div class=\"screen-reader-response\"><p role=\"status\" aria-live=\"polite\" aria-atomic=\"true\"><\/p> <ul><\/ul><\/div>\n<form action=\"\/index.php?rest_route=%2Fwp%2Fv2%2Fpages%2F11#wpcf7-f2343-o1\" method=\"post\" class=\"wpcf7-form init\" aria-label=\"Formularz kontaktowy\" novalidate=\"novalidate\" data-status=\"init\">\n<fieldset class=\"hidden-fields-container\"><input type=\"hidden\" name=\"_wpcf7\" value=\"2343\" \/><input type=\"hidden\" name=\"_wpcf7_version\" value=\"6.1.5\" \/><input type=\"hidden\" name=\"_wpcf7_locale\" value=\"pl_PL\" \/><input type=\"hidden\" name=\"_wpcf7_unit_tag\" value=\"wpcf7-f2343-o1\" \/><input type=\"hidden\" name=\"_wpcf7_container_post\" value=\"0\" \/><input type=\"hidden\" name=\"_wpcf7_posted_data_hash\" value=\"\" \/>\n<\/fieldset>\n<p><label> Twoje imi\u0119 i nazwisko<br \/>\n<span class=\"wpcf7-form-control-wrap\" data-name=\"your-name\"><input size=\"40\" maxlength=\"400\" class=\"wpcf7-form-control wpcf7-text wpcf7-validates-as-required\" autocomplete=\"name\" aria-required=\"true\" aria-invalid=\"false\" value=\"\" type=\"text\" name=\"your-name\" \/><\/span> <\/label>\n<\/p>\n<p><label> Tw\u00f3j adres e-mail<br \/>\n<span class=\"wpcf7-form-control-wrap\" data-name=\"your-email\"><input size=\"40\" maxlength=\"400\" class=\"wpcf7-form-control wpcf7-email wpcf7-validates-as-required wpcf7-text wpcf7-validates-as-email\" autocomplete=\"email\" aria-required=\"true\" aria-invalid=\"false\" value=\"\" type=\"email\" name=\"your-email\" \/><\/span> <\/label>\n<\/p>\n<p><label> Temat<br \/>\n<span class=\"wpcf7-form-control-wrap\" data-name=\"your-subject\"><input size=\"40\" maxlength=\"400\" class=\"wpcf7-form-control wpcf7-text wpcf7-validates-as-required\" aria-required=\"true\" aria-invalid=\"false\" value=\"\" type=\"text\" name=\"your-subject\" \/><\/span> <\/label>\n<\/p>\n<p><label> Twoja wiadomo\u015bci (opcjonalne)<br \/>\n<span class=\"wpcf7-form-control-wrap\" data-name=\"your-message\"><textarea cols=\"40\" rows=\"10\" maxlength=\"2000\" class=\"wpcf7-form-control wpcf7-textarea\" aria-invalid=\"false\" name=\"your-message\"><\/textarea><\/span> <\/label>\n<\/p>\n<p><input class=\"wpcf7-form-control wpcf7-submit has-spinner\" type=\"submit\" value=\"Wy\u015blij\" \/>\n<\/p><div class=\"wpcf7-response-output\" aria-hidden=\"true\"><\/div>\n<\/form>\n<\/div>\n<\/div>\n\n\n\n<div style=\"height:19px\" aria-hidden=\"true\" class=\"wp-block-spacer\"><\/div>\n\n\n\n<figure class=\"wp-block-image size-large\"><img loading=\"lazy\" decoding=\"async\" width=\"1024\" height=\"576\" src=\"http:\/\/strona.gcksirwegliniec.pl\/wp-content\/uploads\/2025\/08\/Zdjecie-WhatsApp-2025-08-11-o-18.43.41_531e5430-1024x576.jpg\" alt=\"Budynek siedziby Gminnego Centrum Kultury, Sportu i Rekreacji w W\u0119gli\u0144cu\" class=\"wp-image-1607\" srcset=\"https:\/\/gcksirwegliniec.pl\/wp-content\/uploads\/2025\/08\/Zdjecie-WhatsApp-2025-08-11-o-18.43.41_531e5430-1024x576.jpg 1024w, https:\/\/gcksirwegliniec.pl\/wp-content\/uploads\/2025\/08\/Zdjecie-WhatsApp-2025-08-11-o-18.43.41_531e5430-600x337.jpg 600w, https:\/\/gcksirwegliniec.pl\/wp-content\/uploads\/2025\/08\/Zdjecie-WhatsApp-2025-08-11-o-18.43.41_531e5430-300x169.jpg 300w, https:\/\/gcksirwegliniec.pl\/wp-content\/uploads\/2025\/08\/Zdjecie-WhatsApp-2025-08-11-o-18.43.41_531e5430-768x432.jpg 768w, https:\/\/gcksirwegliniec.pl\/wp-content\/uploads\/2025\/08\/Zdjecie-WhatsApp-2025-08-11-o-18.43.41_531e5430-1536x864.jpg 1536w, https:\/\/gcksirwegliniec.pl\/wp-content\/uploads\/2025\/08\/Zdjecie-WhatsApp-2025-08-11-o-18.43.41_531e5430-720x405.jpg 720w, https:\/\/gcksirwegliniec.pl\/wp-content\/uploads\/2025\/08\/Zdjecie-WhatsApp-2025-08-11-o-18.43.41_531e5430-520x292.jpg 520w, https:\/\/gcksirwegliniec.pl\/wp-content\/uploads\/2025\/08\/Zdjecie-WhatsApp-2025-08-11-o-18.43.41_531e5430-320x180.jpg 320w, https:\/\/gcksirwegliniec.pl\/wp-content\/uploads\/2025\/08\/Zdjecie-WhatsApp-2025-08-11-o-18.43.41_531e5430.jpg 2034w\" sizes=\"auto, (max-width: 1024px) 100vw, 1024px\" \/><\/figure>\n\n\n\n<div style=\"height:25px\" aria-hidden=\"true\" class=\"wp-block-spacer\"><\/div>\n\n\n\t\t\t<div \n\t\t\tclass=\"wp-block-uagb-google-map uagb-google-map__wrap uagb-block-801ada18     \"\n\t\t\tstyle=\"\" >\n\t\t\t\t<embed\n\t\t\t\t\tclass=\"uagb-google-map__iframe\"\n\t\t\t\t\ttitle=\"Mapa Google dla \"\n\t\t\t\t\tsrc=\"https:\/\/maps.google.com\/maps?q=w%C4%99gliniec%2C%20plac%20wolno%C5%9Bci%201&#038;z=12&#038;hl=pl&#038;t=m&#038;output=embed&#038;iwloc=near\"\n\t\t\t\t\twidth=\"640\"\n\t\t\t\t\theight=\"300\"\n\t\t\t\t\tloading=\"lazy\"\n\t\t\t\t><\/embed>\n\t\t\t<\/div>\n\t\t\t\n\n\n<div style=\"height:39px\" aria-hidden=\"true\" class=\"wp-block-spacer\"><\/div>\n\n\n<h3 class=\"fonts-plugin-block \" style=\"font-family: Oswald !important;font-weight: 400 !important;text-align: center !important;color: #016939 !important\">Kontakty do pozosta\u0142ych jednostek w ramach naszej struktury organizacyjnej<\/h3>\n\n\n<div style=\"height:19px\" aria-hidden=\"true\" class=\"wp-block-spacer\"><\/div>\n\n\n\n<div class=\"wp-block-buttons alignfull is-content-justification-center is-layout-flex wp-container-core-buttons-is-layout-fe48e5de wp-block-buttons-is-layout-flex\">\n<div class=\"wp-block-button\"><a class=\"wp-block-button__link has-background has-text-align-center wp-element-button\" href=\"http:\/\/strona.gcksirwegliniec.pl\/?page_id=1223\" style=\"background-color:#016939\">Kontakt do Kina<\/a><\/div>\n<\/div>\n\n\n\n<div style=\"height:19px\" aria-hidden=\"true\" class=\"wp-block-spacer\"><\/div>\n\n\n\n<div class=\"wp-block-buttons alignfull is-content-justification-center is-layout-flex wp-container-core-buttons-is-layout-fe48e5de wp-block-buttons-is-layout-flex\">\n<div class=\"wp-block-button\"><a class=\"wp-block-button__link has-background wp-element-button\" href=\"http:\/\/strona.gcksirwegliniec.pl\/?page_id=1240\" style=\"background-color:#016939\">Kontakt do Bibliotek<\/a><\/div>\n<\/div>\n\n\n\n<div style=\"height:16px\" aria-hidden=\"true\" class=\"wp-block-spacer\"><\/div>\n\n\n\n<div class=\"wp-block-buttons is-content-justification-center is-layout-flex wp-container-core-buttons-is-layout-5d660988 wp-block-buttons-is-layout-flex\">\n<div class=\"wp-block-button\"><a class=\"wp-block-button__link has-background wp-element-button\" href=\"http:\/\/strona.gcksirwegliniec.pl\/?page_id=161\" style=\"background-color:#016939\">Kontakt do Dom\u00f3w Kultury<\/a><\/div>\n<\/div>\n\n\n\n<div style=\"height:24px\" aria-hidden=\"true\" class=\"wp-block-spacer\"><\/div>\n\n\n\n<div class=\"wp-block-essential-blocks-shape-divider  root-eb-shape-divider-sbiqo\"><div class=\"eb-parent-wrapper eb-parent-eb-shape-divider-sbiqo \"><div class=\"eb-shape-divider-wrapper eb-shape-divider-sbiqo\"><div class=\"eb-shape-divider eb-shape-divider-bottom\" data-shape=\"style_1\" data-negative=\"false\"><svg xmlns=\"http:\/\/www.w3.org\/2000\/svg\" fill=\"none\" viewBox=\"0 0 1000 100\" preserveAspectRatio=\"none\"><g clip-path=\"url(#eb-shape-divider-ocean-wave)\"><path class=\"eb-shape-divider-fill\" fill=\"#715AFF\" d=\"M0 97.79S101.82-.97 283.17 5.23c203.09 0 290.46 94.4 716.83 94.4V0H0v97.79Z\"><\/path><\/g><defs><clipPath id=\"eb-shape-divider-ocean-wave\"><path fill=\"#fff\" class=\"eb-shape-divider-fill\" d=\"M0 0h1000v99.62H0z\"><\/path><\/clipPath><\/defs><\/svg><\/div><\/div><\/div><\/div>\n\n\n\n<div style=\"height:24px\" aria-hidden=\"true\" class=\"wp-block-spacer\"><\/div>\n\n\n\n<p class=\"wp-block-paragraph\"><\/p>\n","protected":false},"excerpt":{"rendered":"","protected":false},"author":1,"featured_media":0,"parent":0,"menu_order":0,"comment_status":"closed","ping_status":"closed","template":"","meta":{"_eb_attr":"","_crdt_document":"","_uag_custom_page_level_css":"","footnotes":""},"class_list":["post-11","page","type-page","status-publish","hentry"],"yoast_head":"<!-- This site is optimized with the Yoast SEO plugin v26.9 - https:\/\/yoast.com\/product\/yoast-seo-wordpress\/ -->\n<title>Kontakt - GCKSiR W\u0119gliniec<\/title>\n<meta name=\"robots\" content=\"index, follow, max-snippet:-1, max-image-preview:large, max-video-preview:-1\" \/>\n<link rel=\"canonical\" href=\"https:\/\/gcksirwegliniec.pl\/?page_id=11\" \/>\n<meta property=\"og:locale\" content=\"pl_PL\" \/>\n<meta property=\"og:type\" content=\"article\" \/>\n<meta property=\"og:title\" content=\"Kontakt - GCKSiR W\u0119gliniec\" \/>\n<meta property=\"og:url\" content=\"https:\/\/gcksirwegliniec.pl\/?page_id=11\" \/>\n<meta property=\"og:site_name\" content=\"GCKSiR W\u0119gliniec\" \/>\n<meta property=\"article:modified_time\" content=\"2026-02-20T13:31:34+00:00\" \/>\n<meta property=\"og:image\" content=\"https:\/\/gcksirwegliniec.pl\/wp-content\/uploads\/2025\/08\/Zdjecie-WhatsApp-2025-08-11-o-18.43.41_531e5430.jpg\" \/>\n\t<meta property=\"og:image:width\" content=\"2034\" \/>\n\t<meta property=\"og:image:height\" content=\"1144\" \/>\n\t<meta property=\"og:image:type\" content=\"image\/jpeg\" \/>\n<meta name=\"twitter:card\" content=\"summary_large_image\" \/>\n<meta name=\"twitter:label1\" content=\"Szacowany czas czytania\" \/>\n\t<meta name=\"twitter:data1\" content=\"1 minuta\" \/>\n<script type=\"application\/ld+json\" class=\"yoast-schema-graph\">{\"@context\":\"https:\/\/schema.org\",\"@graph\":[{\"@type\":\"WebPage\",\"@id\":\"https:\/\/gcksirwegliniec.pl\/?page_id=11\",\"url\":\"https:\/\/gcksirwegliniec.pl\/?page_id=11\",\"name\":\"Kontakt - GCKSiR W\u0119gliniec\",\"isPartOf\":{\"@id\":\"https:\/\/gcksirwegliniec.pl\/#website\"},\"primaryImageOfPage\":{\"@id\":\"https:\/\/gcksirwegliniec.pl\/?page_id=11#primaryimage\"},\"image\":{\"@id\":\"https:\/\/gcksirwegliniec.pl\/?page_id=11#primaryimage\"},\"thumbnailUrl\":\"http:\/\/strona.gcksirwegliniec.pl\/wp-content\/uploads\/2025\/08\/Zdjecie-WhatsApp-2025-08-11-o-18.43.41_531e5430-1024x576.jpg\",\"datePublished\":\"2025-06-08T15:21:58+00:00\",\"dateModified\":\"2026-02-20T13:31:34+00:00\",\"breadcrumb\":{\"@id\":\"https:\/\/gcksirwegliniec.pl\/?page_id=11#breadcrumb\"},\"inLanguage\":\"pl-PL\",\"potentialAction\":[{\"@type\":\"ReadAction\",\"target\":[\"https:\/\/gcksirwegliniec.pl\/?page_id=11\"]}]},{\"@type\":\"ImageObject\",\"inLanguage\":\"pl-PL\",\"@id\":\"https:\/\/gcksirwegliniec.pl\/?page_id=11#primaryimage\",\"url\":\"http:\/\/strona.gcksirwegliniec.pl\/wp-content\/uploads\/2025\/08\/Zdjecie-WhatsApp-2025-08-11-o-18.43.41_531e5430-1024x576.jpg\",\"contentUrl\":\"http:\/\/strona.gcksirwegliniec.pl\/wp-content\/uploads\/2025\/08\/Zdjecie-WhatsApp-2025-08-11-o-18.43.41_531e5430-1024x576.jpg\"},{\"@type\":\"BreadcrumbList\",\"@id\":\"https:\/\/gcksirwegliniec.pl\/?page_id=11#breadcrumb\",\"itemListElement\":[{\"@type\":\"ListItem\",\"position\":1,\"name\":\"Home\",\"item\":\"https:\/\/gcksirwegliniec.pl\/\"},{\"@type\":\"ListItem\",\"position\":2,\"name\":\"Kontakt\"}]},{\"@type\":\"WebSite\",\"@id\":\"https:\/\/gcksirwegliniec.pl\/#website\",\"url\":\"https:\/\/gcksirwegliniec.pl\/\",\"name\":\"GCKSiR W\u0119gliniec\",\"description\":\"\",\"publisher\":{\"@id\":\"https:\/\/gcksirwegliniec.pl\/#organization\"},\"potentialAction\":[{\"@type\":\"SearchAction\",\"target\":{\"@type\":\"EntryPoint\",\"urlTemplate\":\"https:\/\/gcksirwegliniec.pl\/?s={search_term_string}\"},\"query-input\":{\"@type\":\"PropertyValueSpecification\",\"valueRequired\":true,\"valueName\":\"search_term_string\"}}],\"inLanguage\":\"pl-PL\"},{\"@type\":\"Organization\",\"@id\":\"https:\/\/gcksirwegliniec.pl\/#organization\",\"name\":\"GCKSiR W\u0119gliniec\",\"url\":\"https:\/\/gcksirwegliniec.pl\/\",\"logo\":{\"@type\":\"ImageObject\",\"inLanguage\":\"pl-PL\",\"@id\":\"https:\/\/gcksirwegliniec.pl\/#\/schema\/logo\/image\/\",\"url\":\"https:\/\/gcksirwegliniec.pl\/wp-content\/uploads\/2025\/08\/cropped-A790B771-B708-480A-B996-7A8B9BB2ABCE.jpeg\",\"contentUrl\":\"https:\/\/gcksirwegliniec.pl\/wp-content\/uploads\/2025\/08\/cropped-A790B771-B708-480A-B996-7A8B9BB2ABCE.jpeg\",\"width\":689,\"height\":435,\"caption\":\"GCKSiR W\u0119gliniec\"},\"image\":{\"@id\":\"https:\/\/gcksirwegliniec.pl\/#\/schema\/logo\/image\/\"}}]}<\/script>\n<!-- \/ Yoast SEO plugin. -->","yoast_head_json":{"title":"Kontakt - GCKSiR W\u0119gliniec","robots":{"index":"index","follow":"follow","max-snippet":"max-snippet:-1","max-image-preview":"max-image-preview:large","max-video-preview":"max-video-preview:-1"},"canonical":"https:\/\/gcksirwegliniec.pl\/?page_id=11","og_locale":"pl_PL","og_type":"article","og_title":"Kontakt - GCKSiR W\u0119gliniec","og_url":"https:\/\/gcksirwegliniec.pl\/?page_id=11","og_site_name":"GCKSiR W\u0119gliniec","article_modified_time":"2026-02-20T13:31:34+00:00","og_image":[{"width":2034,"height":1144,"url":"https:\/\/gcksirwegliniec.pl\/wp-content\/uploads\/2025\/08\/Zdjecie-WhatsApp-2025-08-11-o-18.43.41_531e5430.jpg","type":"image\/jpeg"}],"twitter_card":"summary_large_image","twitter_misc":{"Szacowany czas czytania":"1 minuta"},"schema":{"@context":"https:\/\/schema.org","@graph":[{"@type":"WebPage","@id":"https:\/\/gcksirwegliniec.pl\/?page_id=11","url":"https:\/\/gcksirwegliniec.pl\/?page_id=11","name":"Kontakt - GCKSiR W\u0119gliniec","isPartOf":{"@id":"https:\/\/gcksirwegliniec.pl\/#website"},"primaryImageOfPage":{"@id":"https:\/\/gcksirwegliniec.pl\/?page_id=11#primaryimage"},"image":{"@id":"https:\/\/gcksirwegliniec.pl\/?page_id=11#primaryimage"},"thumbnailUrl":"http:\/\/strona.gcksirwegliniec.pl\/wp-content\/uploads\/2025\/08\/Zdjecie-WhatsApp-2025-08-11-o-18.43.41_531e5430-1024x576.jpg","datePublished":"2025-06-08T15:21:58+00:00","dateModified":"2026-02-20T13:31:34+00:00","breadcrumb":{"@id":"https:\/\/gcksirwegliniec.pl\/?page_id=11#breadcrumb"},"inLanguage":"pl-PL","potentialAction":[{"@type":"ReadAction","target":["https:\/\/gcksirwegliniec.pl\/?page_id=11"]}]},{"@type":"ImageObject","inLanguage":"pl-PL","@id":"https:\/\/gcksirwegliniec.pl\/?page_id=11#primaryimage","url":"http:\/\/strona.gcksirwegliniec.pl\/wp-content\/uploads\/2025\/08\/Zdjecie-WhatsApp-2025-08-11-o-18.43.41_531e5430-1024x576.jpg","contentUrl":"http:\/\/strona.gcksirwegliniec.pl\/wp-content\/uploads\/2025\/08\/Zdjecie-WhatsApp-2025-08-11-o-18.43.41_531e5430-1024x576.jpg"},{"@type":"BreadcrumbList","@id":"https:\/\/gcksirwegliniec.pl\/?page_id=11#breadcrumb","itemListElement":[{"@type":"ListItem","position":1,"name":"Home","item":"https:\/\/gcksirwegliniec.pl\/"},{"@type":"ListItem","position":2,"name":"Kontakt"}]},{"@type":"WebSite","@id":"https:\/\/gcksirwegliniec.pl\/#website","url":"https:\/\/gcksirwegliniec.pl\/","name":"GCKSiR W\u0119gliniec","description":"","publisher":{"@id":"https:\/\/gcksirwegliniec.pl\/#organization"},"potentialAction":[{"@type":"SearchAction","target":{"@type":"EntryPoint","urlTemplate":"https:\/\/gcksirwegliniec.pl\/?s={search_term_string}"},"query-input":{"@type":"PropertyValueSpecification","valueRequired":true,"valueName":"search_term_string"}}],"inLanguage":"pl-PL"},{"@type":"Organization","@id":"https:\/\/gcksirwegliniec.pl\/#organization","name":"GCKSiR W\u0119gliniec","url":"https:\/\/gcksirwegliniec.pl\/","logo":{"@type":"ImageObject","inLanguage":"pl-PL","@id":"https:\/\/gcksirwegliniec.pl\/#\/schema\/logo\/image\/","url":"https:\/\/gcksirwegliniec.pl\/wp-content\/uploads\/2025\/08\/cropped-A790B771-B708-480A-B996-7A8B9BB2ABCE.jpeg","contentUrl":"https:\/\/gcksirwegliniec.pl\/wp-content\/uploads\/2025\/08\/cropped-A790B771-B708-480A-B996-7A8B9BB2ABCE.jpeg","width":689,"height":435,"caption":"GCKSiR W\u0119gliniec"},"image":{"@id":"https:\/\/gcksirwegliniec.pl\/#\/schema\/logo\/image\/"}}]}},"uagb_featured_image_src":{"full":false,"thumbnail":false,"medium":false,"medium_large":false,"large":false,"1536x1536":false,"2048x2048":false,"thumb-small":false,"thumb-standard":false,"thumb-medium":false,"thumb-large":false,"thumb-xlarge":false,"thumb-xxlarge":false,"thumb-large-no-crop":false,"thumb-medium-no-crop":false,"thumb-standard-no-crop":false,"mailpoet_newsletter_max":false,"woocommerce_thumbnail":false,"woocommerce_single":false,"woocommerce_gallery_thumbnail":false},"uagb_author_info":{"display_name":"admin","author_link":"https:\/\/gcksirwegliniec.pl\/?author=1"},"uagb_comment_info":0,"uagb_excerpt":null,"jetpack_sharing_enabled":true,"_links":{"self":[{"href":"https:\/\/gcksirwegliniec.pl\/index.php?rest_route=\/wp\/v2\/pages\/11","targetHints":{"allow":["GET"]}}],"collection":[{"href":"https:\/\/gcksirwegliniec.pl\/index.php?rest_route=\/wp\/v2\/pages"}],"about":[{"href":"https:\/\/gcksirwegliniec.pl\/index.php?rest_route=\/wp\/v2\/types\/page"}],"author":[{"embeddable":true,"href":"https:\/\/gcksirwegliniec.pl\/index.php?rest_route=\/wp\/v2\/users\/1"}],"replies":[{"embeddable":true,"href":"https:\/\/gcksirwegliniec.pl\/index.php?rest_route=%2Fwp%2Fv2%2Fcomments&post=11"}],"version-history":[{"count":54,"href":"https:\/\/gcksirwegliniec.pl\/index.php?rest_route=\/wp\/v2\/pages\/11\/revisions"}],"predecessor-version":[{"id":4811,"href":"https:\/\/gcksirwegliniec.pl\/index.php?rest_route=\/wp\/v2\/pages\/11\/revisions\/4811"}],"wp:attachment":[{"href":"https:\/\/gcksirwegliniec.pl\/index.php?rest_route=%2Fwp%2Fv2%2Fmedia&parent=11"}],"curies":[{"name":"wp","href":"https:\/\/api.w.org\/{rel}","templated":true}]}}